{"id":15,"date":"2021-06-14T08:33:27","date_gmt":"2021-06-14T08:33:27","guid":{"rendered":"https:\/\/web4.bilkent.edu.tr\/deneyselbilissel2021\/?page_id=15"},"modified":"2021-06-16T15:15:13","modified_gmt":"2021-06-16T12:15:13","slug":"ana-sayfa","status":"publish","type":"page","link":"https:\/\/web4.bilkent.edu.tr\/deneyselbilissel2021\/","title":{"rendered":"Ana Sayfa"},"content":{"rendered":"\n<p>A\u011f\u0131rl\u0131kl\u0131 olarak deneysel ve bili\u015fsel psikoloji alanlar\u0131nda \u00e7al\u0131\u015fmalar yapan akademisyen ve \u00f6\u011frencileri bir araya getirmeyi, alan\u0131n akademik ilgi ve ara\u015ft\u0131rma konular\u0131n\u0131 payla\u015fabilmeyi hedefleyen VI. Deneysel-Bili\u015fsel Psikoloji Sempozyumu Ankara ev sahipli\u011finde 7-8 Eyl\u00fcl 2021 tarihlerinde \u00e7evrimi\u00e7i olarak ger\u00e7ekle\u015ftirilecektir.\u00a0<\/p>\n\n\n\n<p>S\u00f6zl\u00fc sunumlar ve poster sunumlar\u0131 i\u00e7in bildiri g\u00f6ndermek ve kay\u0131t olmak i\u00e7in bu sitedeki ba\u011flant\u0131lar\u0131 kullanabilir, yap\u0131lacak&nbsp;duyurular\u0131 takip edebilirsiniz.<\/p>\n\n\n\n<p> <\/p>\n","protected":false},"excerpt":{"rendered":"<p>A\u011f\u0131rl\u0131kl\u0131 olarak deneysel ve bili\u015fsel psikoloji alanlar\u0131nda \u00e7al\u0131\u015fmalar yapan akademisyen ve \u00f6\u011frencileri bir araya getirmeyi, alan\u0131n akademik ilgi ve ara\u015ft\u0131rma konular\u0131n\u0131 payla\u015fabilmeyi hedefleyen VI. Deneysel-Bili\u015fsel Psikoloji Sempozyumu Ankara ev sahipli\u011finde 7-8 Eyl\u00fcl 2021 tarihlerinde \u00e7evrimi\u00e7i olarak ger\u00e7ekle\u015ftirilecektir.\u00a0 S\u00f6zl\u00fc sunumlar ve poster sunumlar\u0131 i\u00e7in bildiri g\u00f6ndermek ve kay\u0131t olmak i\u00e7in bu sitedeki ba\u011flant\u0131lar\u0131 kullanabilir, yap\u0131lacak&nbsp;duyurular\u0131 takip\u2026 <span class=\"read-more\"><a href=\"https:\/\/web4.bilkent.edu.tr\/deneyselbilissel2021\/\">Read More &raquo;<\/a><\/span><\/p>\n","protected":false},"author":1,"featured_media":0,"parent":0,"menu_order":0,"comment_status":"closed","ping_status":"closed","template":"","meta":[],"_links":{"self":[{"href":"https:\/\/web4.bilkent.edu.tr\/deneyselbilissel2021\/index.php?rest_route=\/wp\/v2\/pages\/15"}],"collection":[{"href":"https:\/\/web4.bilkent.edu.tr\/deneyselbilissel2021\/index.php?rest_route=\/wp\/v2\/pages"}],"about":[{"href":"https:\/\/web4.bilkent.edu.tr\/deneyselbilissel2021\/index.php?rest_route=\/wp\/v2\/types\/page"}],"author":[{"embeddable":true,"href":"https:\/\/web4.bilkent.edu.tr\/deneyselbilissel2021\/index.php?rest_route=\/wp\/v2\/users\/1"}],"replies":[{"embeddable":true,"href":"https:\/\/web4.bilkent.edu.tr\/deneyselbilissel2021\/index.php?rest_route=%2Fwp%2Fv2%2Fcomments&post=15"}],"version-history":[{"count":6,"href":"https:\/\/web4.bilkent.edu.tr\/deneyselbilissel2021\/index.php?rest_route=\/wp\/v2\/pages\/15\/revisions"}],"predecessor-version":[{"id":140,"href":"https:\/\/web4.bilkent.edu.tr\/deneyselbilissel2021\/index.php?rest_route=\/wp\/v2\/pages\/15\/revisions\/140"}],"wp:attachment":[{"href":"https:\/\/web4.bilkent.edu.tr\/deneyselbilissel2021\/index.php?rest_route=%2Fwp%2Fv2%2Fmedia&parent=15"}],"curies":[{"name":"wp","href":"https:\/\/api.w.org\/{rel}","templated":true}]}}