{"id":70,"date":"2021-06-14T08:35:25","date_gmt":"2021-06-14T08:35:25","guid":{"rendered":"https:\/\/web4.bilkent.edu.tr\/deneyselbilissel2021\/?page_id=70"},"modified":"2021-06-16T15:04:36","modified_gmt":"2021-06-16T12:04:36","slug":"komite","status":"publish","type":"page","link":"https:\/\/web4.bilkent.edu.tr\/deneyselbilissel2021\/?page_id=70","title":{"rendered":"Komite"},"content":{"rendered":"\n<p><a href=\"https:\/\/natalay7.wixsite.com\/natalayetuedutr\">Nart Bedin Atalay<\/a>, TOBB \u00dcniversitesi<\/p>\n\n\n\n<p><a href=\"https:\/\/memory-lab.bilkent.edu.tr\/\">Miri Besken<\/a>, Bilkent \u00dcniversitesi<\/p>\n\n\n\n<p><a href=\"http:\/\/web2.bilkent.edu.tr\/vision\/\">H\u00fcseyin Boyac\u0131<\/a>, Bilkent \u00dcniversitesi<\/p>\n\n\n\n<p><a href=\"http:\/\/sense.psy.metu.edu.tr\/\">Dicle D\u00f6vencio\u011flu<\/a>, ODT\u00dc<\/p>\n\n\n\n<p><a href=\"http:\/\/users.metu.edu.tr\/askilic\/\">Asl\u0131 K\u0131l\u0131\u00e7<\/a>, ODT\u00dc<\/p>\n\n\n\n<p><a href=\"https:\/\/psy.metu.edu.tr\/tr\/sezen-kislal\">Sezen K\u0131\u015flal<\/a>, ODT\u00dc<\/p>\n\n\n\n<p><a href=\"https:\/\/misirlisoy.wixsite.com\/minemisirlisoy\">Mine M\u0131s\u0131rl\u0131soy<\/a>, ODT\u00dc<\/p>\n\n\n\n<p><a href=\"http:\/\/web3.bilkent.edu.tr\/ccn\/\">Burcu Ay\u015fen \u00dcrgen<\/a>, Bilkent \u00dcniversitesi<\/p>\n","protected":false},"excerpt":{"rendered":"<p>Nart Bedin Atalay, TOBB \u00dcniversitesi Miri Besken, Bilkent \u00dcniversitesi H\u00fcseyin Boyac\u0131, Bilkent \u00dcniversitesi Dicle D\u00f6vencio\u011flu, ODT\u00dc Asl\u0131 K\u0131l\u0131\u00e7, ODT\u00dc Sezen K\u0131\u015flal, ODT\u00dc Mine M\u0131s\u0131rl\u0131soy, ODT\u00dc Burcu Ay\u015fen \u00dcrgen, Bilkent \u00dcniversitesi<\/p>\n","protected":false},"author":1,"featured_media":0,"parent":0,"menu_order":0,"comment_status":"closed","ping_status":"closed","template":"","meta":[],"_links":{"self":[{"href":"https:\/\/web4.bilkent.edu.tr\/deneyselbilissel2021\/index.php?rest_route=\/wp\/v2\/pages\/70"}],"collection":[{"href":"https:\/\/web4.bilkent.edu.tr\/deneyselbilissel2021\/index.php?rest_route=\/wp\/v2\/pages"}],"about":[{"href":"https:\/\/web4.bilkent.edu.tr\/deneyselbilissel2021\/index.php?rest_route=\/wp\/v2\/types\/page"}],"author":[{"embeddable":true,"href":"https:\/\/web4.bilkent.edu.tr\/deneyselbilissel2021\/index.php?rest_route=\/wp\/v2\/users\/1"}],"replies":[{"embeddable":true,"href":"https:\/\/web4.bilkent.edu.tr\/deneyselbilissel2021\/index.php?rest_route=%2Fwp%2Fv2%2Fcomments&post=70"}],"version-history":[{"count":6,"href":"https:\/\/web4.bilkent.edu.tr\/deneyselbilissel2021\/index.php?rest_route=\/wp\/v2\/pages\/70\/revisions"}],"predecessor-version":[{"id":126,"href":"https:\/\/web4.bilkent.edu.tr\/deneyselbilissel2021\/index.php?rest_route=\/wp\/v2\/pages\/70\/revisions\/126"}],"wp:attachment":[{"href":"https:\/\/web4.bilkent.edu.tr\/deneyselbilissel2021\/index.php?rest_route=%2Fwp%2Fv2%2Fmedia&parent=70"}],"curies":[{"name":"wp","href":"https:\/\/api.w.org\/{rel}","templated":true}]}}