{"id":81,"date":"2021-06-14T08:35:40","date_gmt":"2021-06-14T08:35:40","guid":{"rendered":"https:\/\/web4.bilkent.edu.tr\/deneyselbilissel2021\/?page_id=81"},"modified":"2021-06-14T08:44:39","modified_gmt":"2021-06-14T08:44:39","slug":"onemli-tarihler","status":"publish","type":"page","link":"https:\/\/web4.bilkent.edu.tr\/deneyselbilissel2021\/?page_id=81","title":{"rendered":"\u00d6nemli Tarihler"},"content":{"rendered":"\n<p>Bildiri g\u00f6nderme i\u00e7in son tarih: <strong>16 Temmuz 2021<\/strong><\/p>\n\n\n\n<p>Kay\u0131t i\u00e7in son tarih: <strong>31 A\u011fustos 2021<\/strong><\/p>\n\n\n\n<p>Sempozyum: <strong>7-8 Eyl\u00fcl 2021<\/strong><\/p>\n","protected":false},"excerpt":{"rendered":"<p>Bildiri g\u00f6nderme i\u00e7in son tarih: 16 Temmuz 2021 Kay\u0131t i\u00e7in son tarih: 31 A\u011fustos 2021 Sempozyum: 7-8 Eyl\u00fcl 2021<\/p>\n","protected":false},"author":1,"featured_media":0,"parent":0,"menu_order":0,"comment_status":"closed","ping_status":"closed","template":"","meta":[],"_links":{"self":[{"href":"https:\/\/web4.bilkent.edu.tr\/deneyselbilissel2021\/index.php?rest_route=\/wp\/v2\/pages\/81"}],"collection":[{"href":"https:\/\/web4.bilkent.edu.tr\/deneyselbilissel2021\/index.php?rest_route=\/wp\/v2\/pages"}],"about":[{"href":"https:\/\/web4.bilkent.edu.tr\/deneyselbilissel2021\/index.php?rest_route=\/wp\/v2\/types\/page"}],"author":[{"embeddable":true,"href":"https:\/\/web4.bilkent.edu.tr\/deneyselbilissel2021\/index.php?rest_route=\/wp\/v2\/users\/1"}],"replies":[{"embeddable":true,"href":"https:\/\/web4.bilkent.edu.tr\/deneyselbilissel2021\/index.php?rest_route=%2Fwp%2Fv2%2Fcomments&post=81"}],"version-history":[{"count":3,"href":"https:\/\/web4.bilkent.edu.tr\/deneyselbilissel2021\/index.php?rest_route=\/wp\/v2\/pages\/81\/revisions"}],"predecessor-version":[{"id":97,"href":"https:\/\/web4.bilkent.edu.tr\/deneyselbilissel2021\/index.php?rest_route=\/wp\/v2\/pages\/81\/revisions\/97"}],"wp:attachment":[{"href":"https:\/\/web4.bilkent.edu.tr\/deneyselbilissel2021\/index.php?rest_route=%2Fwp%2Fv2%2Fmedia&parent=81"}],"curies":[{"name":"wp","href":"https:\/\/api.w.org\/{rel}","templated":true}]}}