{"id":128,"date":"2021-06-29T09:41:44","date_gmt":"2021-06-29T09:41:44","guid":{"rendered":"https:\/\/web4.bilkent.edu.tr\/hcf\/?page_id=128"},"modified":"2026-01-04T09:13:27","modified_gmt":"2026-01-04T09:13:27","slug":"conf-presentations","status":"publish","type":"page","link":"https:\/\/web4.bilkent.edu.tr\/hcf\/?page_id=128","title":{"rendered":"Conference presentations"},"content":{"rendered":"\n<p style=\"font-size:15px\">Gezici, T., &amp; Farooqui, A. A. (2024, Nov).&nbsp;It&#8217;s&nbsp;not&nbsp;the&nbsp;rule!&nbsp;Rule&nbsp;representations are&nbsp;not&nbsp;present in multiple demand regions [Poster Presentation].&nbsp;Society&nbsp;For&nbsp;Neuroscience,&nbsp;Neuroscience&nbsp;2024, Online Conference<\/p>\n\n\n\n<p style=\"font-size:15px\">Ciftci, \u0130., Giray, I., Farooqui, A. A., \u201cMeta-Control Programs That Organize Task Execution are Decodable Everywhere,\u201d Cognitive Neuroscience Society Annual Meeting, Toronto, Canada, 13 -16 April 2024\u00a0\u00a0<\/p>\n\n\n\n<p style=\"font-size:15px\">Gurcan, B., Gezici, T., Tufek, O. Y., Karaaslan, M., Sahin, C., Celtikci, E., &amp; Farooqui, A. A. (2023, May 7)<em>. Holding on to Last Words? Aphasic word-repetitions may have psychological relevance<\/em> [Poster Presentation]. 9th International Symposium on Brain and Cognitive Science, Istanbul, Turkey. <a href=\"http:\/\/web4.bilkent.edu.tr\/hcf\/wp-content\/uploads\/2023\/05\/berfin-ozyegin-poster-final.pdf\" target=\"_blank\" rel=\"noopener\" title=\"Link to poster\">Link to poster<\/a> <\/p>\n\n\n\n<p style=\"font-size:15px\">Inan, C., Gezici, T., &amp; Farooqui, A. A. (2023, Nov). <em>Pupil Dilation in Time Perception<\/em> [Poster Presentation]. Society For Neuroscience, Neuroscience 2023, Online Conference. <a href=\"https:\/\/drive.google.com\/file\/d\/1euQAGMLIcnSpBRf9TfFmLCmjSOZN-pil\/view?usp=drive_link\" target=\"_blank\" rel=\"noopener\" title=\"Link to poster\">Link to poster<\/a> <\/p>\n\n\n\n<p style=\"font-size:15px\">Duymu\u015f, H., &amp; Farooqui, A.A., &amp; \u00c7eltik\u00e7i, E. (2023, May 7). A right-frontal region critical for identifying 3-D objects [Poster Presentation]. 9th International Symposium on Brain and Cognitive Science, Istanbul,\u00a0Turkey<\/p>\n\n\n\n<p style=\"font-size:15px\">Ciftci, \u0130., Gezici, T., Farooqui, A. A.(2023, November 11-15). Its not just about acts! Both rule and motor representations are equally present in Primary Motor cortex, but only when rules switch.&nbsp; [Nanosyposium presentation]. Society for Neuroscience 2023 Annual Meeting, Washington, DC, USA<\/p>\n\n\n\n<p style=\"font-size:15px\">Varol, A.B., Duymu\u015f, H., &amp; Farooqui, A.A. (2023, May 7). <em>Multiple demand regions in cerebellum<\/em> [Poster Presentation]. 9th International Symposium on Brain and Cognitive Science, Istanbul,&nbsp;Turkey. <a href=\"http:\/\/web4.bilkent.edu.tr\/hcf\/wp-content\/uploads\/2023\/05\/poster_betul.pdf\" target=\"_blank\" rel=\"noopener\" title=\"Link to poster\">Link to poster<\/a><\/p>\n\n\n\n<p style=\"font-size:15px\">Rezaei, A., Gezici, T., \u00c7ift\u00e7i, \u0130., Farooqui, A. A. (2023, May 7) Working Memory related to different subtasks can be maintained in separate non-interfering stores.[Poster Presentation]. 9th International Symposium on Brain and Cognitive Science, Istanbul,&nbsp;Turkey. <a href=\"http:\/\/web4.bilkent.edu.tr\/hcf\/wp-content\/uploads\/2023\/05\/aida-istanbul.pdf\" target=\"_blank\" rel=\"noopener\" title=\"Link to poster\">Link to poster<\/a><\/p>\n\n\n\n<p style=\"font-size:15px\">Inan, C., Gezici, T., &amp; Farooqui, A. A. (2023, May 7). <em>Pupil Dilation in Time Perception<\/em> [Poster Presentation]. 9th International Symposium on Brain and Cognitive Science, Istanbul,&nbsp;Turkey. <a href=\"http:\/\/web4.bilkent.edu.tr\/hcf\/wp-content\/uploads\/2023\/05\/Pupil-Dilation-in-Time-Perception.pdf\" target=\"_blank\" rel=\"noopener\" title=\"Link to poster\">Link to poster<\/a><\/p>\n\n\n\n<p style=\"font-size:15px\">Akgur, B. F., Gezici, T., &amp; Farooqui, A. A. (2022) <em>Differential Psychophysiological Responses to Working Memory Loads Related to the Currently Active versus Withheld Tasks.<\/em> Poster presented at the Psychonomic Society 63rd Annual Meeting,&nbsp;Boston,&nbsp;MA,&nbsp;USA<\/p>\n\n\n\n<p style=\"font-size:15px\">Giray, I., Ciftci, I., Sengil, G. O., &amp; Farooqui, A. A. (2022, November 12-16). <em>Not all rests are the same: Differential Fronto-Parietal Activity during Rests at Different Levels of Task Hierarchy <\/em>[Conference presentation]. Society for Neuroscience 2022 Annual Meeting, San Diego, USA, <em>Online<\/em><\/p>\n\n\n\n<p style=\"font-size:15px\">Ciftci, \u0130., Farooqui, A. A., (2022, November 12-16).&nbsp;<em>Attentional and Working Memory Demands Activate FrontoParietal&nbsp; Regions less during Longer Tasks.&nbsp;<\/em>[Conference Presentation]. Society for Neuroscience 2022 Annual Meeting, San Diego, USA,&nbsp;<em>Online<\/em><\/p>\n\n\n\n<p style=\"font-size:15px\">Gurcan, B., Catalkaya, Y., &amp; Farooqui, A. A. (2022, November 17-20). <em>Where are thoughts located? <\/em>[Conference presentation]. Psychonomic Society 63rd Annual Meeting, Boston, MA, USA. <a href=\"https:\/\/cdn.ymaws.com\/www.psychonomic.org\/resource\/resmgr\/annual_meeting\/2022_meeting\/ps22_abstract_book_final_acc.pdf\" target=\"_blank\" rel=\"noopener\" title=\"Link to abstract\">Link to abstract<\/a><\/p>\n\n\n\n<p style=\"font-size:15px\">Sengil, G. O., Gezici, T., Ciftci, I., &amp; Farooqui, A. A. (Nov 17-20, 2022).&nbsp;<em>Working Memory related to concurrent subtasks can be maintained in separate non-interfering stores&nbsp;<\/em>[Conference Presentation]. Psychonomic Society 63rd Annual Meeting, Washington, USA<\/p>\n\n\n\n<p style=\"font-size:15px\">Sengil, G. O.&nbsp;&amp; Farooqui, A. A. (Nov 12-16, 2022).&nbsp;<em>Attended and conscious task relevant WM information may not be decodable from frontoparietal regions if they are not linked to different goals<\/em>&nbsp;[Conference Presentation]. Society for Neuroscience, Neuroscience 2022 Meeting, San Diego, CA, USA <\/p>\n\n\n\n<p style=\"font-size:15px\">Gurcan, B., Catalkaya, Y., &amp; Farooqui, A. A. (2022, May 26-29). <em>Where are thoughts located? <\/em>[Poster Abstract]. Association for Psychological Science 2022 Annual Convention, Chicago, IL, USA. <a href=\"https:\/\/www.psychologicalscience.org\/redesign\/wp-content\/uploads\/2022\/05\/Poster_Brochure_APS_2022-Online.pdf\" target=\"_blank\" rel=\"noreferrer noopener\">Link to abstract<\/a><\/p>\n\n\n\n<p style=\"font-size:15px\">Ciftci, \u0130., Sengil, G. O., Gezici, T., Giray, \u0130., Farooqui, A. A. (2021, September 7-8).&nbsp;<em>S\u0131n\u0131rlar\u0131 yeniden d\u00fc\u015f\u00fcnmek: Bir G\u00f6revin \u00c7al\u0131\u015fan Bellek Y\u00fck\u00fc Ayr\u0131 Ama E\u015f Zamanl\u0131 Bir G\u00f6revin \u00c7al\u0131\u015fan Bellek Y\u00fck\u00fcne Etki Etmeyebilir.<\/em>&nbsp;[Conference Presentation]. Deneysel-Bili\u015fsel Sempozyumu, Ankara, Turkey,&nbsp;<em>Online<\/em><\/p>\n\n\n\n<p style=\"font-size:15px\">S\u0327engil,&nbsp;G. O,&nbsp;\u00c7iftc\u0327i,&nbsp;\u0130.,&nbsp;Giray,&nbsp;\u0130.,&nbsp;Farooqui,&nbsp;A. A.&nbsp;(September 7-8, 2021).&nbsp;<em>Bilis\u0327sel Go\u0308rev Ad\u0131m\u0131n\u0131 Takip Eden Kademeli Tu\u0308m-Beyin Aktivasyon Art\u0131s\u0327\u0131<\/em>&nbsp;[Conference Presentation]. Deneysel-Bili\u015fsel Sempozyumu, Ankara, Turkey,&nbsp;<em>Online<\/em><\/p>\n\n\n\n<p style=\"font-size:15px\">Giray, I., Sengil, G. O., Ciftci, I., &amp; Farooqui, A. A. (2021, September 7-8). <em>Her Mola Ayn\u0131 De\u011fil: \u00c7oklu Talep A\u011f\u0131 B\u00f6lgelerinde Farkl\u0131 Tipteki Molalar i\u00e7in Farkl\u0131 Aktivasyon Seviyeleri <\/em>[Conference presentation]. Deneysel-Bili\u015fsel Psikoloji Sempozyumu, Ankara, Turkey. <em>Online<\/em><\/p>\n\n\n\n<p style=\"font-size:15px\">Ciftci, \u0130., Sengil, G. O., Gezici, T., Giray, \u0130., Farooqui, A. A. (2021, May 26-27).<em>&nbsp;Reconsidering the Limits: Working Memory Load of One Task May Not Affect Working Memory Load of a Separate but Concurrent Task.&nbsp;<\/em>[Conference Presentation].&nbsp;Association for Psychological Science 2021 Virtual Convention,&nbsp;<em>Online<\/em><\/p>\n\n\n\n<p style=\"font-size:15px\">Giray, I., &amp; Farooqui, A. A. (2021, September 7-8). <em>Amaca Y\u00f6nelik Programlar\u0131n Bili\u015fsel Kontrol \u00dczerindeki Etkisi <\/em>[Conference presentation]. Deneysel-Bili\u015fsel Psikoloji Sempozyumu, Ankara, Turkey. <em>Online<\/em><\/p>\n\n\n\n<p style=\"font-size:15px\">Giray, I., &amp; Farooqui, A. A. (2021, November 4-7). <em>Inhibitory Control During Extended Tasks is Hierarchically Instantiated and Takes Time to Develop<\/em>[Conference presentation].Psychonomic Society 62nd Annual Meeting, New Orleans, USA.<em> Online<\/em> <\/p>\n\n\n\n<h2 class=\"wp-block-heading\">Oral Presentations<\/h2>\n\n\n\n<p style=\"font-size:15px\">Akgur, B. F., Gezici, T., G\u00fcrcan, B., \u00c7atalkaya, Y., Duymu\u015f, H., \u015eengil, G. \u00d6., \u00c7ift\u00e7i, \u0130., Giray, \u0130., &amp; Farooqui, A. A. (2022) Fronto-Parietal Cortical Activation in Cannabis Users. [Oral Presentation] 4nd Regional Meeting of The TIAFT (The International Association of Forensic Toxicologist), virtual<\/p>\n","protected":false},"excerpt":{"rendered":"<p>Gezici, T., &amp; Farooqui, A. A. (2024, Nov).&nbsp;It&#8217;s&nbsp;not&nbsp;the&nbsp;rule!&nbsp;Rule&nbsp;representations are&nbsp;not&nbsp;present in multiple demand regions [Poster Presentation].&nbsp;Society&nbsp;For&nbsp;Neuroscience,&nbsp;Neuroscience&nbsp;2024, Online Conference Ciftci, \u0130., Giray, I., Farooqui, A. A., \u201cMeta-Control Programs That Organize Task Execution are Decodable Everywhere,\u201d Cognitive Neuroscience Society Annual Meeting, Toronto, Canada, 13 -16 April 2024\u00a0\u00a0 Gurcan, B., Gezici, T., Tufek, O. Y., Karaaslan, M., Sahin, C., &hellip; <\/p>\n<p class=\"link-more\"><a href=\"https:\/\/web4.bilkent.edu.tr\/hcf\/?page_id=128\" class=\"more-link\">Read the full post &rarr;<span class=\"screen-reader-text\">&#8220;Conference presentations&#8221;<\/span><\/a><\/p>\n","protected":false},"author":1,"featured_media":0,"parent":0,"menu_order":0,"comment_status":"closed","ping_status":"closed","template":"","meta":{"om_disable_all_campaigns":false,"_mi_skip_tracking":false},"aioseo_notices":[],"_links":{"self":[{"href":"https:\/\/web4.bilkent.edu.tr\/hcf\/index.php?rest_route=\/wp\/v2\/pages\/128"}],"collection":[{"href":"https:\/\/web4.bilkent.edu.tr\/hcf\/index.php?rest_route=\/wp\/v2\/pages"}],"about":[{"href":"https:\/\/web4.bilkent.edu.tr\/hcf\/index.php?rest_route=\/wp\/v2\/types\/page"}],"author":[{"embeddable":true,"href":"https:\/\/web4.bilkent.edu.tr\/hcf\/index.php?rest_route=\/wp\/v2\/users\/1"}],"replies":[{"embeddable":true,"href":"https:\/\/web4.bilkent.edu.tr\/hcf\/index.php?rest_route=%2Fwp%2Fv2%2Fcomments&post=128"}],"version-history":[{"count":34,"href":"https:\/\/web4.bilkent.edu.tr\/hcf\/index.php?rest_route=\/wp\/v2\/pages\/128\/revisions"}],"predecessor-version":[{"id":1354,"href":"https:\/\/web4.bilkent.edu.tr\/hcf\/index.php?rest_route=\/wp\/v2\/pages\/128\/revisions\/1354"}],"wp:attachment":[{"href":"https:\/\/web4.bilkent.edu.tr\/hcf\/index.php?rest_route=%2Fwp%2Fv2%2Fmedia&parent=128"}],"curies":[{"name":"wp","href":"https:\/\/api.w.org\/{rel}","templated":true}]}}