{"id":18,"date":"2021-06-28T09:54:28","date_gmt":"2021-06-28T09:54:28","guid":{"rendered":"https:\/\/web4.bilkent.edu.tr\/hcf\/?page_id=18"},"modified":"2025-10-11T13:15:58","modified_gmt":"2025-10-11T13:15:58","slug":"lab-members","status":"publish","type":"page","link":"https:\/\/web4.bilkent.edu.tr\/hcf\/?page_id=18","title":{"rendered":"People"},"content":{"rendered":"\n<h2 class=\"wp-block-heading has-medium-font-size\">Group coordinator<\/h2>\n\n\n\n<p>Asst. Prof. Ausaf Ahmed Farooqui<\/p>\n\n\n\n<h3 class=\"wp-block-heading\">Postdocs<\/h3>\n\n\n\n<p><\/p>\n\n\n\n<h2 class=\"wp-block-heading has-medium-font-size\">Graduate students<\/h2>\n\n\n\n<p>Adem Yaz\u0131c\u0131, PhD in Psychology<\/p>\n\n\n\n<p>Elif Oymagil, PhD in Neuroscience<\/p>\n\n\n\n<p>\u015eeyma Eren G\u00fcrb\u00fcz, PhD in Neuroscience<\/p>\n\n\n\n<p>\u0130pek \u00c7ift\u00e7i, PhD in Neuroscience<\/p>\n\n\n\n<p>Ay\u015fe Bet\u00fcl Varol, PhD in Neuroscience<\/p>\n\n\n\n<p>\u0130rem Giray, PhD in Neuroscience<\/p>\n\n\n\n<p>Tamer Gezici, PhD in Neuroscience<\/p>\n\n\n\n<p>Fatma Nur Dolu, PhD in Neuroscience<\/p>\n\n\n\n<p>\u015eehmus Kurt, PhD in Psychology<\/p>\n\n\n\n<p>Yaren Pala, PhD in Psychology<\/p>\n\n\n\n<p>Berfin G\u00fcrcan, PhD in Neuroscience<\/p>\n\n\n\n<p>Ahmet Cihan Uzun, MSc in Neuroscience<\/p>\n\n\n\n<p>Yaren K\u00f6se, MSc in Neuroscience<\/p>\n\n\n\n<h2 class=\"wp-block-heading has-medium-font-size\">Undergraduate students \/ Interns<\/h2>\n\n\n\n<p><\/p>\n\n\n\n<h3 class=\"wp-block-heading\">Alumni<\/h3>\n\n\n\n<p>Berhan Faruk Akg\u00fcr, PhD in Neuroscience Bilkent University<\/p>\n\n\n\n<p>Hasan Duymu\u015f, MA in Psychology Bilkent University (Now PhD student at Ankara Y\u0131ld\u0131r\u0131m Beyaz\u0131t University)<\/p>\n\n\n\n<p>G\u00fcls\u00fcm \u00d6zge \u015eengil, MSc in Neuroscience Bilkent University<\/p>\n\n\n\n<p>Zehra Ekiz, BA in Psychology Bilkent University (Now at University of Akureyri, MS student)<\/p>\n\n\n\n<p>Yakup \u00c7atalkaya, BSc Electrical &amp; Electronics Engineering Bilkent University, (Now at Meteksan Defence)<\/p>\n\n\n\n<p>Cansel \u0130nan, MA in Psychology Bilkent University (Now at KU Leuven, PhD student)<\/p>\n\n\n\n<p>Shahrzad Falahat, MSc in Neuroscience Bilkent University (Now at Bilkent University, PhD student)<\/p>\n\n\n\n<p>Aida Rezaei, MSc in Neuroscience<\/p>\n\n\n\n<p>S\u00fcmeyye \u00d6zt\u00fcrk, MSc in Neuroscience<\/p>\n","protected":false},"excerpt":{"rendered":"<p>Group coordinator Asst. Prof. Ausaf Ahmed Farooqui Postdocs Graduate students Adem Yaz\u0131c\u0131, PhD in Psychology Elif Oymagil, PhD in Neuroscience \u015eeyma Eren G\u00fcrb\u00fcz, PhD in Neuroscience \u0130pek \u00c7ift\u00e7i, PhD in Neuroscience Ay\u015fe Bet\u00fcl Varol, PhD in Neuroscience \u0130rem Giray, PhD in Neuroscience Tamer Gezici, PhD in Neuroscience Fatma Nur Dolu, PhD in Neuroscience \u015eehmus Kurt, &hellip; <\/p>\n<p class=\"link-more\"><a href=\"https:\/\/web4.bilkent.edu.tr\/hcf\/?page_id=18\" class=\"more-link\">Read the full post &rarr;<span class=\"screen-reader-text\">&#8220;People&#8221;<\/span><\/a><\/p>\n","protected":false},"author":1,"featured_media":0,"parent":0,"menu_order":3,"comment_status":"closed","ping_status":"closed","template":"","meta":{"om_disable_all_campaigns":false,"_mi_skip_tracking":false},"aioseo_notices":[],"_links":{"self":[{"href":"https:\/\/web4.bilkent.edu.tr\/hcf\/index.php?rest_route=\/wp\/v2\/pages\/18"}],"collection":[{"href":"https:\/\/web4.bilkent.edu.tr\/hcf\/index.php?rest_route=\/wp\/v2\/pages"}],"about":[{"href":"https:\/\/web4.bilkent.edu.tr\/hcf\/index.php?rest_route=\/wp\/v2\/types\/page"}],"author":[{"embeddable":true,"href":"https:\/\/web4.bilkent.edu.tr\/hcf\/index.php?rest_route=\/wp\/v2\/users\/1"}],"replies":[{"embeddable":true,"href":"https:\/\/web4.bilkent.edu.tr\/hcf\/index.php?rest_route=%2Fwp%2Fv2%2Fcomments&post=18"}],"version-history":[{"count":72,"href":"https:\/\/web4.bilkent.edu.tr\/hcf\/index.php?rest_route=\/wp\/v2\/pages\/18\/revisions"}],"predecessor-version":[{"id":1344,"href":"https:\/\/web4.bilkent.edu.tr\/hcf\/index.php?rest_route=\/wp\/v2\/pages\/18\/revisions\/1344"}],"wp:attachment":[{"href":"https:\/\/web4.bilkent.edu.tr\/hcf\/index.php?rest_route=%2Fwp%2Fv2%2Fmedia&parent=18"}],"curies":[{"name":"wp","href":"https:\/\/api.w.org\/{rel}","templated":true}]}}