{"id":47,"date":"2021-06-28T10:12:59","date_gmt":"2021-06-28T10:12:59","guid":{"rendered":"https:\/\/web4.bilkent.edu.tr\/hcf\/?page_id=47"},"modified":"2025-06-21T06:21:50","modified_gmt":"2025-06-21T06:21:50","slug":"contact","status":"publish","type":"page","link":"https:\/\/web4.bilkent.edu.tr\/hcf\/?page_id=47","title":{"rendered":"Contact"},"content":{"rendered":"\n<div class=\"wp-block-columns is-layout-flex wp-container-3\">\n<div class=\"wp-block-column is-layout-flow\">\n<p><strong>Address: <\/strong>Aysel Sabuncu Beyin Arastirmalari Merkezi Bilkent University Bilkent, Ankara, 06800, Turkey<\/p>\n\n\n\n<p><strong>Office at UMRAM:<\/strong>&nbsp;SC-206<\/p>\n\n\n\n<p><strong>Office at Psychology Department:<\/strong>&nbsp;H344 \/ A building<\/p>\n\n\n\n<p><strong>Phone number:<\/strong> <strong> +<\/strong><em>90 312 290 1153<\/em><\/p>\n\n\n\n<p><strong>E-mail:<\/strong> <em>ausaf.farooqui(at)bilkent.edu.tr<\/em><\/p>\n\n\n\n<p>If you are interested in doing an internship with us, please check: <a href=\"https:\/\/web4.bilkent.edu.tr\/hcf\/?page_id=36\" target=\"_blank\" rel=\"noopener\" title=\"Join us\">Join us<\/a><\/p>\n<\/div>\n\n\n\n<div class=\"wp-block-column is-layout-flow\">\n<div class=\"mapouter\"><div class=\"gmap_canvas\"><iframe loading=\"lazy\" width=\"420\" height=\"310\" id=\"gmap_canvas\" src=\"https:\/\/maps.google.com\/maps?q=aysel%20sabuncu%20beyin%20ara%C5%9Ft%C4%B1rmalar%C4%B1%20merkezi&amp;t=&amp;z=13&amp;ie=UTF8&amp;iwloc=&amp;output=embed\" frameborder=\"0\" scrolling=\"no\" marginheight=\"0\" marginwidth=\"0\"><\/iframe><a href=\"https:\/\/fmovies2.org\"><\/a><br><style>.mapouter{position:relative;text-align:right;height:310px;width:420px;}<\/style><a href=\"https:\/\/www.embedgooglemap.net\"><\/a><style>.gmap_canvas {overflow:hidden;background:none!important;height:310px;width:420px;}<\/style><\/div><\/div>\n<\/div>\n<\/div>\n\n\n\n<h1 class=\"wp-block-heading\">Directions to UMRAM \/ UMRAM&#8217;a nas\u0131l gidilir?<\/h1>\n\n\n\n<h2 class=\"wp-block-heading\">English<\/h2>\n\n\n\n<p>If you walk towards Nizamiye direction, on the left side of 1598. Cadde (Avenue) you will see a label for directions to UMRAM. You can walk through the forest (written as &#8220;orman yolu&#8221; marked with a red line on the diagram below). At the end of the road, there will be a grey door. If the door is closed, you will see a door at the left side which you should be able to open. After going through the door, walk towards the right to enter the building.<\/p>\n\n\n\n<p>You can also walk to 1606. Cadde (Avenue) through Cyberpark as shown below (blue-white striped line).<\/p>\n\n\n\n<h2 class=\"wp-block-heading\">T\u00fcrk\u00e7e<\/h2>\n\n\n\n<p>UMRAM\u2019a gelmek i\u00e7in Cyberpark \u00fczerinden ge\u00e7en yolu (1606. cadde) veya Orman yolunu kullanabilirsiniz.<\/p>\n\n\n\n<p>Cyberpark i\u00e7in gidi\u015f yolu K\u00fct\u00fcphane\u2019den \u00e7izgili yol (1606. Cadde) \u00fczerinden g\u00f6sterilmi\u015ftir.<\/p>\n\n\n\n<p>Di\u011fer alternatif ise 1598. Cadde \u00fczerinde Nizamiye y\u00f6n\u00fcnde y\u00fcr\u00fcd\u00fc\u011f\u00fcn\u00fczde yolun solunda g\u00f6rece\u011finiz UMRAM tabelas\u0131ndan Orman yoluna girmek olacakt\u0131r. Orman yolunun sonunda, solda b\u00fcy\u00fck gri bir kap\u0131 g\u00f6receksiniz. E\u011fer kapal\u0131ysa solunda k\u00fc\u00e7\u00fck bir kap\u0131 olacakt\u0131r. O kap\u0131y\u0131 a\u00e7\u0131p bah\u00e7eye girip sa\u011fdan y\u00fcr\u00fcy\u00fcp UMRAM\u2019a gelebilirsiniz.<\/p>\n\n\n\n<h2 class=\"wp-block-heading\">Diagrams\/Krokiler:<\/h2>\n\n\n\n<figure class=\"wp-block-image\"><img decoding=\"async\" src=\"https:\/\/lh5.googleusercontent.com\/DKUOLdqpUMqV8IBvrC-HuGxiDglkiT0sZIn4cChk6Eg5m3ZPBwMx6PkPtOpuoPtTJ59VXx-LOQV1d5sm_wcORB-8Qumki6m1LAujegnw311PqvoMVdUIporw-xyw81MkvzPwSKdKtWvs3SdU0A\" alt=\"\"\/><\/figure>\n\n\n\n<p><img decoding=\"async\" loading=\"lazy\" src=\"https:\/\/lh3.googleusercontent.com\/gjAeabybSkWVm3V-mOsUyeYnUGWFSFVMv6HIvJarcBsjJCH1-L-LseX3jpOrwo-W2RWsUILglfIqjxbHO9_AqNbhRSF4os5h7GEfMlcwIfEzHclyprYBS_CLum0g7hrz4g7_1aL3cbL_kX-5ww\" width=\"562\" height=\"750\"><\/p>\n","protected":false},"excerpt":{"rendered":"<p>Address: Aysel Sabuncu Beyin Arastirmalari Merkezi Bilkent University Bilkent, Ankara, 06800, Turkey Office at UMRAM:&nbsp;SC-206 Office at Psychology Department:&nbsp;H344 \/ A building Phone number: +90 312 290 1153 E-mail: ausaf.farooqui(at)bilkent.edu.tr If you are interested in doing an internship with us, please check: Join us Directions to UMRAM \/ UMRAM&#8217;a nas\u0131l gidilir? English If you walk &hellip; <\/p>\n<p class=\"link-more\"><a href=\"https:\/\/web4.bilkent.edu.tr\/hcf\/?page_id=47\" class=\"more-link\">Read the full post &rarr;<span class=\"screen-reader-text\">&#8220;Contact&#8221;<\/span><\/a><\/p>\n","protected":false},"author":1,"featured_media":0,"parent":0,"menu_order":0,"comment_status":"closed","ping_status":"closed","template":"","meta":{"om_disable_all_campaigns":false,"_mi_skip_tracking":false},"aioseo_notices":[],"_links":{"self":[{"href":"https:\/\/web4.bilkent.edu.tr\/hcf\/index.php?rest_route=\/wp\/v2\/pages\/47"}],"collection":[{"href":"https:\/\/web4.bilkent.edu.tr\/hcf\/index.php?rest_route=\/wp\/v2\/pages"}],"about":[{"href":"https:\/\/web4.bilkent.edu.tr\/hcf\/index.php?rest_route=\/wp\/v2\/types\/page"}],"author":[{"embeddable":true,"href":"https:\/\/web4.bilkent.edu.tr\/hcf\/index.php?rest_route=\/wp\/v2\/users\/1"}],"replies":[{"embeddable":true,"href":"https:\/\/web4.bilkent.edu.tr\/hcf\/index.php?rest_route=%2Fwp%2Fv2%2Fcomments&post=47"}],"version-history":[{"count":27,"href":"https:\/\/web4.bilkent.edu.tr\/hcf\/index.php?rest_route=\/wp\/v2\/pages\/47\/revisions"}],"predecessor-version":[{"id":1339,"href":"https:\/\/web4.bilkent.edu.tr\/hcf\/index.php?rest_route=\/wp\/v2\/pages\/47\/revisions\/1339"}],"wp:attachment":[{"href":"https:\/\/web4.bilkent.edu.tr\/hcf\/index.php?rest_route=%2Fwp%2Fv2%2Fmedia&parent=47"}],"curies":[{"name":"wp","href":"https:\/\/api.w.org\/{rel}","templated":true}]}}