{"id":915,"date":"2022-12-09T10:41:29","date_gmt":"2022-12-09T10:41:29","guid":{"rendered":"https:\/\/web4.bilkent.edu.tr\/hcf\/?page_id=915"},"modified":"2023-01-23T10:23:50","modified_gmt":"2023-01-23T10:23:50","slug":"enabling-symlinks-on-your-windows-computer","status":"publish","type":"page","link":"https:\/\/web4.bilkent.edu.tr\/hcf\/?page_id=915","title":{"rendered":"Enabling symlinks on your Windows computer"},"content":{"rendered":"\n<ul>\n<li>Search for <strong>Group policy editor<\/strong> in your start menu search bar.<\/li>\n\n\n\n<li>Click<strong> Windows Settings<\/strong>.<\/li>\n\n\n\n<li>Click <strong>Security Settings<\/strong>.<\/li>\n\n\n\n<li>Click <strong>Local Policies<\/strong><\/li>\n\n\n\n<li>Click <strong>User Rights Agreement.<\/strong><\/li>\n\n\n\n<li>Right click &#8220;<strong>create symbolic links<\/strong>&#8221; from the right hand side <strong>(T\u00fcrk\u00e7e: simgesel ba\u011flant\u0131lar olu\u015ftur)<\/strong> <\/li>\n\n\n\n<li>Click <strong>Properties<\/strong><\/li>\n\n\n\n<li>Click <strong>Add user or group<\/strong> on the menu.<\/li>\n\n\n\n<li>Click the white box with the title &#8220;<strong>Enter object names to select<\/strong>&#8220;<\/li>\n\n\n\n<li>Write your Windows username and click check names.<\/li>\n\n\n\n<li>It should add your name to the list (automatically fills in someother details)<\/li>\n\n\n\n<li>Click <strong>Apply <\/strong>and <strong>OK <\/strong>and exit Local Group Policy Editor.<\/li>\n\n\n\n<li>Restart your computer.<\/li>\n<\/ul>\n","protected":false},"excerpt":{"rendered":"","protected":false},"author":1,"featured_media":0,"parent":0,"menu_order":0,"comment_status":"closed","ping_status":"closed","template":"","meta":{"om_disable_all_campaigns":false,"_mi_skip_tracking":false},"aioseo_notices":[],"_links":{"self":[{"href":"https:\/\/web4.bilkent.edu.tr\/hcf\/index.php?rest_route=\/wp\/v2\/pages\/915"}],"collection":[{"href":"https:\/\/web4.bilkent.edu.tr\/hcf\/index.php?rest_route=\/wp\/v2\/pages"}],"about":[{"href":"https:\/\/web4.bilkent.edu.tr\/hcf\/index.php?rest_route=\/wp\/v2\/types\/page"}],"author":[{"embeddable":true,"href":"https:\/\/web4.bilkent.edu.tr\/hcf\/index.php?rest_route=\/wp\/v2\/users\/1"}],"replies":[{"embeddable":true,"href":"https:\/\/web4.bilkent.edu.tr\/hcf\/index.php?rest_route=%2Fwp%2Fv2%2Fcomments&post=915"}],"version-history":[{"count":7,"href":"https:\/\/web4.bilkent.edu.tr\/hcf\/index.php?rest_route=\/wp\/v2\/pages\/915\/revisions"}],"predecessor-version":[{"id":1070,"href":"https:\/\/web4.bilkent.edu.tr\/hcf\/index.php?rest_route=\/wp\/v2\/pages\/915\/revisions\/1070"}],"wp:attachment":[{"href":"https:\/\/web4.bilkent.edu.tr\/hcf\/index.php?rest_route=%2Fwp%2Fv2%2Fmedia&parent=915"}],"curies":[{"name":"wp","href":"https:\/\/api.w.org\/{rel}","templated":true}]}}