{"id":205,"date":"2025-10-23T09:15:33","date_gmt":"2025-10-23T09:15:33","guid":{"rendered":"https:\/\/web4.bilkent.edu.tr\/saldi\/?page_id=205"},"modified":"2026-02-10T14:58:13","modified_gmt":"2026-02-10T14:58:13","slug":"projects","status":"publish","type":"page","link":"https:\/\/web4.bilkent.edu.tr\/saldi\/?page_id=205","title":{"rendered":"Projects"},"content":{"rendered":"\n<p>2018-2020, &#8220;Discrete-time Risk-sensitive and Average Cost Mean-field Games&#8221;, funded by The Scientific and Technological Research Council of Turkey (T\u00dcB\u0130TAK) B\u0130DEB 2232 Research Grant.<\/p>\n\n\n\n<p>2024-2027, &#8220;Inverse Reinforcement Learning for Mean Field Games&#8221;, funded by The Scientific and Technological Research Council of Turkey (T\u00dcB\u0130TAK) ARDEB 1001 Research Grant.<\/p>\n","protected":false},"excerpt":{"rendered":"<p>2018-2020, &#8220;Discrete-time Risk-sensitive and Average Cost Mean-field Games&#8221;, funded by The Scientific and Technological Research Council of Turkey (T\u00dcB\u0130TAK) B\u0130DEB 2232 Research Grant. 2024-2027, &#8220;Inverse Reinforcement Learning for Mean Field Games&#8221;, funded by The Scientific and Technological Research Council of Turkey (T\u00dcB\u0130TAK) ARDEB 1001 Research Grant.<\/p>\n","protected":false},"author":1,"featured_media":0,"parent":0,"menu_order":0,"comment_status":"closed","ping_status":"closed","template":"","meta":[],"_links":{"self":[{"href":"https:\/\/web4.bilkent.edu.tr\/saldi\/index.php?rest_route=\/wp\/v2\/pages\/205"}],"collection":[{"href":"https:\/\/web4.bilkent.edu.tr\/saldi\/index.php?rest_route=\/wp\/v2\/pages"}],"about":[{"href":"https:\/\/web4.bilkent.edu.tr\/saldi\/index.php?rest_route=\/wp\/v2\/types\/page"}],"author":[{"embeddable":true,"href":"https:\/\/web4.bilkent.edu.tr\/saldi\/index.php?rest_route=\/wp\/v2\/users\/1"}],"replies":[{"embeddable":true,"href":"https:\/\/web4.bilkent.edu.tr\/saldi\/index.php?rest_route=%2Fwp%2Fv2%2Fcomments&post=205"}],"version-history":[{"count":7,"href":"https:\/\/web4.bilkent.edu.tr\/saldi\/index.php?rest_route=\/wp\/v2\/pages\/205\/revisions"}],"predecessor-version":[{"id":230,"href":"https:\/\/web4.bilkent.edu.tr\/saldi\/index.php?rest_route=\/wp\/v2\/pages\/205\/revisions\/230"}],"wp:attachment":[{"href":"https:\/\/web4.bilkent.edu.tr\/saldi\/index.php?rest_route=%2Fwp%2Fv2%2Fmedia&parent=205"}],"curies":[{"name":"wp","href":"https:\/\/api.w.org\/{rel}","templated":true}]}}