{"id":25,"date":"2020-03-12T10:15:34","date_gmt":"2020-03-12T10:15:34","guid":{"rendered":"http:\/\/web4.bilkent.edu.tr\/sarpkaya\/?page_id=25"},"modified":"2024-05-14T06:10:14","modified_gmt":"2024-05-14T06:10:14","slug":"publications","status":"publish","type":"page","link":"https:\/\/web4.bilkent.edu.tr\/sarpkaya\/publications\/","title":{"rendered":"Publications"},"content":{"rendered":"\t\t<div data-elementor-type=\"wp-page\" data-elementor-id=\"25\" class=\"elementor elementor-25\" data-elementor-settings=\"[]\">\n\t\t\t\t\t\t<div class=\"elementor-inner\">\n\t\t\t\t\t\t\t<div class=\"elementor-section-wrap\">\n\t\t\t\t\t\t\t<section class=\"elementor-section elementor-top-section elementor-element elementor-element-f56737d elementor-section-boxed elementor-section-height-default elementor-section-height-default\" data-id=\"f56737d\" data-element_type=\"section\">\n\t\t\t\t\t\t<div class=\"elementor-container elementor-column-gap-default\">\n\t\t\t\t\t\t\t<div class=\"elementor-row\">\n\t\t\t\t\t<div class=\"elementor-column elementor-col-100 elementor-top-column elementor-element elementor-element-35f73cfa\" data-id=\"35f73cfa\" data-element_type=\"column\">\n\t\t\t<div class=\"elementor-column-wrap elementor-element-populated\">\n\t\t\t\t\t\t\t<div class=\"elementor-widget-wrap\">\n\t\t\t\t\t\t<div class=\"elementor-element elementor-element-4885d922 elementor-widget elementor-widget-text-editor\" data-id=\"4885d922\" data-element_type=\"widget\" data-widget_type=\"text-editor.default\">\n\t\t\t\t<div class=\"elementor-widget-container\">\n\t\t\t\t\t\t\t\t<div class=\"elementor-text-editor elementor-clearfix\">\n\t\t\t\t<p><!-- wp:paragraph --><\/p>\n<p>23) <span style=\"font-family: var( --e-global-typography-text-font-family ), Sans-serif; font-weight: var( --e-global-typography-text-font-weight ); background-color: var(--nv-site-bg);\">Mehmet At\u0131f Durmu\u015f and <\/span>Ibrahim Sarpkaya*<span style=\"font-family: var( --e-global-typography-text-font-family ), Sans-serif; font-weight: var( --e-global-typography-text-font-weight ); background-color: var(--nv-site-bg);\">. &#8221;Quantum Beats between Spin-Singlet and Spin-Triplet Interlayer Exciton Transitions in WSe2-MoSe2 Heterobilayers<\/span><em style=\"font-family: var( --e-global-typography-text-font-family ), Sans-serif; font-weight: var( --e-global-typography-text-font-weight ); background-color: var(--nv-site-bg);\">&#8221; <\/em><strong>Nano Letters<\/strong><strong style=\"font-family: var( --e-global-typography-text-font-family ), Sans-serif; background-color: var(--nv-site-bg);\">, 2024<\/strong>\u00a0\u00a0<\/p>\n<p>22) <span style=\"font-family: var( --e-global-typography-text-font-family ), Sans-serif; font-weight: var( --e-global-typography-text-font-weight ); background-color: var(--nv-site-bg);\">Mehmet At\u0131f Durmu\u015f, Kaan Demiralay, Muhammad Mansoor Khan, \u015eeyma Esra Atalay, and <\/span>Ibrahim Sarpkaya*<span style=\"font-family: var( --e-global-typography-text-font-family ), Sans-serif; font-weight: var( --e-global-typography-text-font-weight ); background-color: var(--nv-site-bg);\">. &#8221;Prolonged dephasing time of ensemble of moir\u00e9-trapped interlayer excitons in WSe2-MoSe2 heterobilayers<\/span><em style=\"font-family: var( --e-global-typography-text-font-family ), Sans-serif; font-weight: var( --e-global-typography-text-font-weight ); background-color: var(--nv-site-bg);\">&#8221; <\/em><strong style=\"font-family: var( --e-global-typography-text-font-family ), Sans-serif; background-color: var(--nv-site-bg);\">npj 2D Materials and Applications, 2023<\/strong><\/p>\n<p>21)\u00a0<span style=\"font-family: var( --e-global-typography-text-font-family ), Sans-serif; font-weight: var( --e-global-typography-text-font-weight ); background-color: var(--nv-site-bg);\">Ajay Singh, Somak Majumder, Noah J. Thompson Orfield, <\/span><strong style=\"font-family: var( --e-global-typography-text-font-family ), Sans-serif; background-color: var(--nv-site-bg);\">Ibrahim Sarpkaya<\/strong><span style=\"font-family: var( --e-global-typography-text-font-family ), Sans-serif; font-weight: var( --e-global-typography-text-font-weight ); background-color: var(--nv-site-bg);\">, Dennis Nordlund, Karen C. Bustillo, Jim Ciston, Victoria Nisoli, Sergei Ivanov, Eric G. Bowes, Han Htoon, Jennifer A. Hollingsworth. &#8221;<\/span><em style=\"font-family: var( --e-global-typography-text-font-family ), Sans-serif; font-weight: var( --e-global-typography-text-font-weight ); background-color: var(--nv-site-bg);\">From Inside Out: <\/em><span style=\"font-family: var( --e-global-typography-text-font-family ), Sans-serif; font-weight: var( --e-global-typography-text-font-weight ); background-color: var(--nv-site-bg);\">How the Buried Interface, Shell Defects and Surface Chemistry Conspire to Determine Optical Performance in Non-Blinking Giant Quantum Dots&#8221;<\/span><strong style=\"font-family: var( --e-global-typography-text-font-family ), Sans-serif; background-color: var(--nv-site-bg);\"> Small Science, 2023<\/strong><\/p>\n<p>20)\u00a0<span style=\"font-family: var( --e-global-typography-text-font-family ), Sans-serif; font-weight: var( --e-global-typography-text-font-weight ); background-color: var(--nv-site-bg);\">Farzan Shabani, Pedro Ludwig Hernandez Martinez, Nina Shermet, <strong>Hilal Korkut<\/strong>, <\/span><strong style=\"font-family: var( --e-global-typography-text-font-family ), Sans-serif; background-color: var(--nv-site-bg);\">Ibrahim Sarpkaya<\/strong><span style=\"font-family: var( --e-global-typography-text-font-family ), Sans-serif; font-weight: var( --e-global-typography-text-font-weight ); background-color: var(--nv-site-bg);\">, Hamed Dehghanpour Baruj, Savas Delikanli, Furkan Isik, Emek Goksu Durmusoglu, Hilmi Volkan Demir<\/span><em style=\"font-family: var( --e-global-typography-text-font-family ), Sans-serif; font-weight: var( --e-global-typography-text-font-weight ); background-color: var(--nv-site-bg);\">. &#8221;<\/em><span style=\"font-family: var( --e-global-typography-text-font-family ), Sans-serif; font-weight: var( --e-global-typography-text-font-weight ); background-color: var(--nv-site-bg);\">Gradient Type\u2010II CdSe\/CdSeTe\/CdTe Core\/Crown\/Crown Heteronanoplatelets with Asymmetric Shape and Disproportional Excitonic Properties&#8221;<\/span><em style=\"font-family: var( --e-global-typography-text-font-family ), Sans-serif; font-weight: var( --e-global-typography-text-font-weight ); background-color: var(--nv-site-bg);\">\u00a0<\/em><strong style=\"font-family: var( --e-global-typography-text-font-family ), Sans-serif; background-color: var(--nv-site-bg);\">Small, 2023<\/strong><\/p>\n<p>19) Md Sazid Bin Sadeque, Hussain Kawsar Chowdhury, Muzaffar Rafique, <strong>Mehmet At\u0131f Durmu\u015f<\/strong>, Md Kawsar Ahmed, Md Mehdi Hasan, Aykut Erbas, <strong>\u0130brahim Sarpkaya, <\/strong>Fatih Inci, Mustafa Ordu<strong>.<\/strong> &#8221;Hydrogel-integrated optical fiber sensors and their applications: A comprehensive review&#8221;<strong>\u00a0Journals of Materials Chemistry C, 2023<\/strong><\/p>\n<p>18) Hilal Korkut and Ibrahim Sarpkaya*. &#8221;Controlling the photoluminescence of quantum emitters in hexagonal boron nitride by external magnetic fields&#8221; <strong>2D Materials, 2022<\/strong> (<a href=\"https:\/\/doi.org\/10.1088\/2053-1583\/ac9a59\"><span style=\"text-decoration: underline;\">https:\/\/doi.org\/10.1088\/2053-1583\/ac9a59<\/span><\/a>)<\/p>\n<p>17) Xuejun Xie, Hamid T Chorsi, Kunjesh Agashiwala, Hsun-Ming Chang, Jiahao Kang, Jae Hwan Chu, <strong>Ibrahim Sarpkaya<\/strong>, Han Htoon, Jon A Schuller, Kaustav Banerjee. &#8221;The scaling of the microLED and the advantage of 2D materials&#8221; <strong>arXiv preprint arXiv:2101.10077,<\/strong> <strong>2021<\/strong><\/p>\n<p><!-- \/wp:paragraph --><!-- wp:paragraph --><\/p>\n<p>16) Erik Enriquez, Gaoxue Wang, Yogesh Sharma, <strong>Ibrahim Sarpkaya,<\/strong> et al. &#8221;Structural and Optical Properties of Phase-Pure UO<sub>2<\/sub>, \u03b1-U<sub>3<\/sub>O<sub>8<\/sub>, and \u03b1-UO<sub>3<\/sub>\u00a0Epitaxial Thin Films Grown by Pulsed Laser Deposition&#8221; <strong>ACS Applied Materials &amp; Interfaces, 2020<\/strong><\/p>\n<p><!-- \/wp:paragraph --><!-- wp:paragraph --><\/p>\n<p>15) &#8220;Synthesis, Modelling and Characterization of 2D Materials and their Heterostructures&#8221;,\u00a0<strong>book chapter<\/strong>\u00a0by\u00a0<strong>Ibrahim Sarpkaya\u00a0<\/strong>in &#8220;<em>Optical Properties of 2D Materials<\/em>&#8221;\u00a0<strong>Elsevier, 2020 <\/strong><\/p>\n<p><!-- \/wp:paragraph --><!-- wp:paragraph --><\/p>\n<p>14)\u00a0Younghee Kim, Kirill A. Velizhanin, Xiaowei He,\u00a0<strong>Ibrahim Sarpkaya<\/strong>, Yohei Yomogida, Takeshi Tanaga, Hiromichi\u00a0Kataura,\u00a0Stephen K. Doorn, Han Htoon<em>.\u00a0PL Intensity Fluctuations and Temperature-Dependent Decay Dynamics of Individual Carbon Nanotube sp<sup>3<\/sup>\u00a0Defects.\u00a0\u00a0<\/em><strong>The Journal of Physical Chemistry Letters, 2019.\u00a0<\/strong><\/p>\n<p><!-- \/wp:paragraph --><!-- wp:paragraph --><\/p>\n<p>13) Z.Zhao<sup>*<\/sup>,\u00a0<strong>I. Sarpkaya<\/strong><sup>*<\/sup><strong>,\u00a0<\/strong>X.Xie, K.Banerjee, H. Htoon, and C.W. Hong.\u00a0<em>Cryogenic Micro-PL of\u00a0 Monolayer 1T\/2H\u00a0 MoS<sub>2<\/sub><\/em><em>\u00a0Superlattice\u00a0\u00a0<\/em><strong>Conference Paper\u00a0OSA-CLEO, 2019.<\/strong><\/p>\n<p><!-- \/wp:paragraph --><!-- wp:paragraph --><\/p>\n<p>12) J. Huang<sup>*<\/sup>,\u00a0<strong>Ibrahim Sarpkaya<sup>*<\/sup>,\u00a0<\/strong>J. Lim, SJ Lee, X. Duan, CW Wong, Han Htoon\u00a0<em>Photon Correlation of Photoluminescence Emission of A Monolayer WS<sub>2\u00a0<\/sub>\u00a0<\/em><strong>OSA-CLEO, 2018.<\/strong><\/p>\n<p><!-- \/wp:paragraph --><!-- wp:paragraph --><\/p>\n<p>11) Shuai Sun, Vikram Narayana,\u00a0<strong>Ibrahim Sarpkaya<\/strong>, Joseph Crandall, Richard A Soref, Hamed Dalir, Tarek El-Ghazawi, Volker J Sorger.\u00a0<em>Hybrid Photonic-Plasmonic Non-blocking Broadband 5&#215;5 Router for Optical Networks. \u00a0<\/em><strong>IEEE Photonics Journal, 2018.<\/strong><\/p>\n<p><!-- \/wp:paragraph --><!-- wp:paragraph --><\/p>\n<p>10) Yuchuan Shao, Ye Liu, Xiaolong Chen, Chen Chen,\u00a0<strong>Ibrahim Sarpkaya\u00a0<\/strong>et al.\u00a0<em>Stable graphene-two dimensional multiphase perovskite heterostructure phototransistors with high gain<\/em>.\u00a0<strong>Nano Letters, 2017<\/strong><\/p>\n<p><!-- \/wp:paragraph --><!-- wp:paragraph --><\/p>\n<p>\u00a09) Qiushi Guo, Francisco Guinea, Bingchen Deng,\u00a0<strong>Ibrahim Sarpkaya\u00a0<\/strong>et al.\u00a0<em>Electrothermal Control of Graphene Plasmon-Phonon Polaritons<\/em>.\u00a0<strong>Advanced Materials, 2017<\/strong><\/p>\n<p><!-- \/wp:paragraph --><!-- wp:paragraph --><\/p>\n<p>\u00a08) Rubab Amin, Can\u00a0Suer, Zhizhen Ma,\u00a0<strong>Ibrahim Sarpkaya<\/strong>, Jacob B. Khurgin, Ritesh Agarwal, Volker J. Sorger.\u00a0\u00a0<em>A Deterministic Guide for Material and Mode Dependence of On-Chip Electro-Optic Modulator Performance.\u00a0<\/em><strong>Solid-State Electronics, 2017.<\/strong><\/p>\n<p><!-- \/wp:paragraph --><!-- wp:paragraph --><\/p>\n<p>\u00a07) Rubab Amin, Can\u00a0Suer, Zhizhen Ma,\u00a0<strong>Ibrahim Sarpkaya<\/strong>, Jacob B. Khurgin, Ritesh Agarwal, Volker J. Sorger.\u00a0<em>Active Material, Optical Mode and Cavity Impact on Nanoscale Electro-Optic Modulation Performance<\/em><em>.\u00a0<\/em><strong>Nanophotonics, 2017.<\/strong><\/p>\n<p><!-- \/wp:paragraph --><!-- wp:paragraph --><\/p>\n<p>\u00a06) Mohammad H. Tahersima, \u00a0M.Danang Birowosuto, \u00a0Zhizhen Ma, William C. Coley, Michael D. Valentin, Sahar Naghibi Alvillar, I-Hsi Lu, Yao Zhou, \u00a0<strong>Ibrahim Sarpkaya<\/strong>\u00a0et al.\u00a0<em>Testbeds for Transition Metal Dichalcogenide Photonics: Efficacy of Light Emission Enhancement in Monomer vs Dimer Nanoscale Antennae<\/em><em>.<\/em>\u00a0<strong>ACS Photonics, 2017.<\/strong><\/p>\n<p><!-- \/wp:paragraph --><!-- wp:paragraph --><\/p>\n<p>\u00a05)<strong>\u00a0I. Sarpkaya,<\/strong>\u00a0Ehsaneh Daghigh Ahmadi, Gabriella D. Shepard, Kevin S. Mistry, Jeffrey L. Blackburn, S. Strauf.<em>\u00a0Strong Acoustic Phonon Localization in Copolymer Wrapped Carbon Nanotubes.\u00a0<\/em><strong>ACS Nano, 9(6), 6383-6393 (2015).<\/strong><\/p>\n<p><!-- \/wp:paragraph --><!-- wp:paragraph --><\/p>\n<p>\u00a04)\u00a0<strong>Ibrahim Sarpkaya<\/strong>,\u00a0Zhengyi Zhang, William Walden-Newman, James Hone, Chee-Wei Wong, Stefan Strauf,\u00a0<em>Intrinsic regime of exciton photophysics in ultra-clean carbon nanotubes bridging an air gap.<\/em>\u00a0<strong>Proc. SPIE 9168<\/strong>, Carbon Nanotubes, Graphene, and Associated Devices VII, 91680L (<strong>September 10, 2014<\/strong>); doi:10.1117\/12.2063300)<\/p>\n<p><!-- \/wp:paragraph --><!-- wp:paragraph --><\/p>\n<p>\u00a03)<strong>\u00a0I. Sarpkaya<\/strong>, Z. Zhang, W. Walden Newman, X. Wang, J. Hone, C. W. Wong, S. Strauf<em>.\u00a0Prolonged Spontaneous Emission and Dephasing of Localized Excitons in Air Bridged Carbon Nanotubes.<\/em><strong>\u00a0<\/strong>\u00a0<strong>Nature Communications 4:2152 (2013)\u00a0<\/strong><\/p>\n<p><!-- \/wp:paragraph --><!-- wp:paragraph --><\/p>\n<p>\u00a02)\u00a0W. Walden Newman,\u00a0<strong>I. Sarpkaya<\/strong>, S. Strauf.\u00a0\u00a0<em>Quantum Light Signatures and Nanosecond Spectral Diffusion from Cavity Embedded Carbon Nanotubes.\u00a0<\/em><strong>Nano Letters 12, 1934<\/strong><em>\u00a0<\/em><strong>(2012).<\/strong><\/p>\n<p><!-- \/wp:paragraph --><!-- wp:paragraph --><\/p>\n<p>\u00a01) S. Acikgoz,\u00a0<strong>I. Sarpkaya<\/strong>, P. Milas, M. N. Inci, G. Demirci, R. Sanyal<em>. Investigation of Fluorescence Dynamics of BODIPY Embedded in Porous Silicon and Monitoring Formation of a SiO2 Layer Via a Confocal FLIM-Based NSET Method.<\/em>\u00a0\u00a0<strong>The Journal of Physical Chemistry C 115, 22186 (2011)<\/strong><\/p>\n<p><!-- \/wp:paragraph --><\/p>\t\t\t\t\t<\/div>\n\t\t\t\t\t\t<\/div>\n\t\t\t\t<\/div>\n\t\t\t\t\t\t<\/div>\n\t\t\t\t\t<\/div>\n\t\t<\/div>\n\t\t\t\t\t\t\t\t<\/div>\n\t\t\t\t\t<\/div>\n\t\t<\/section>\n\t\t\t\t\t\t<\/div>\n\t\t\t\t\t\t<\/div>\n\t\t\t\t\t<\/div>\n\t\t","protected":false},"excerpt":{"rendered":"<p>23) Mehmet At\u0131f Durmu\u015f and Ibrahim Sarpkaya*. &#8221;Quantum Beats between Spin-Singlet and Spin-Triplet Interlayer Exciton Transitions in WSe2-MoSe2 Heterobilayers&#8221; Nano Letters, 2024\u00a0\u00a0 22) Mehmet At\u0131f Durmu\u015f, Kaan Demiralay, Muhammad Mansoor Khan, \u015eeyma Esra Atalay, and Ibrahim Sarpkaya*. &#8221;Prolonged dephasing time of ensemble of moir\u00e9-trapped interlayer excitons in WSe2-MoSe2 heterobilayers&#8221; npj 2D Materials and Applications, 2023&hellip;&nbsp;<a href=\"https:\/\/web4.bilkent.edu.tr\/sarpkaya\/publications\/\" class=\"\" rel=\"bookmark\">Read More &raquo;<span class=\"screen-reader-text\">Publications<\/span><\/a><\/p>\n","protected":false},"author":1,"featured_media":0,"parent":0,"menu_order":0,"comment_status":"closed","ping_status":"closed","template":"","meta":{"neve_meta_sidebar":"","neve_meta_container":"","neve_meta_enable_content_width":"off","neve_meta_content_width":0,"neve_meta_title_alignment":"","neve_meta_author_avatar":"","neve_post_elements_order":"","neve_meta_disable_header":"","neve_meta_disable_footer":"","neve_meta_disable_title":""},"_links":{"self":[{"href":"https:\/\/web4.bilkent.edu.tr\/sarpkaya\/wp-json\/wp\/v2\/pages\/25"}],"collection":[{"href":"https:\/\/web4.bilkent.edu.tr\/sarpkaya\/wp-json\/wp\/v2\/pages"}],"about":[{"href":"https:\/\/web4.bilkent.edu.tr\/sarpkaya\/wp-json\/wp\/v2\/types\/page"}],"author":[{"embeddable":true,"href":"https:\/\/web4.bilkent.edu.tr\/sarpkaya\/wp-json\/wp\/v2\/users\/1"}],"replies":[{"embeddable":true,"href":"https:\/\/web4.bilkent.edu.tr\/sarpkaya\/wp-json\/wp\/v2\/comments?post=25"}],"version-history":[{"count":17,"href":"https:\/\/web4.bilkent.edu.tr\/sarpkaya\/wp-json\/wp\/v2\/pages\/25\/revisions"}],"predecessor-version":[{"id":354,"href":"https:\/\/web4.bilkent.edu.tr\/sarpkaya\/wp-json\/wp\/v2\/pages\/25\/revisions\/354"}],"wp:attachment":[{"href":"https:\/\/web4.bilkent.edu.tr\/sarpkaya\/wp-json\/wp\/v2\/media?parent=25"}],"curies":[{"name":"wp","href":"https:\/\/api.w.org\/{rel}","templated":true}]}}