{"id":67,"date":"2021-04-02T08:06:39","date_gmt":"2021-04-02T08:06:39","guid":{"rendered":"https:\/\/web4.bilkent.edu.tr\/tuncellab\/?page_id=67"},"modified":"2022-11-29T10:18:54","modified_gmt":"2022-11-29T10:18:54","slug":"group-members","status":"publish","type":"page","link":"https:\/\/web4.bilkent.edu.tr\/tuncellab\/?page_id=67","title":{"rendered":"Group Members"},"content":{"rendered":"\n<p class=\"has-vivid-red-color has-text-color has-medium-font-size\"><strong>D\u00d6N\u00dc\u015e TUNCEL (PRINCIPAL INVESTIGATOR)<\/strong><\/p>\n\n\n\n<div class=\"wp-block-file\"><a id=\"wp-block-file--media-6fac427d-f0d6-498a-bd09-7c8a01def045\" href=\"https:\/\/web4.bilkent.edu.tr\/tuncellab\/wp-content\/uploads\/2021\/04\/Donus-Tuncel-CV-1.pdf\">Donus-Tuncel-CV-1<\/a><a href=\"https:\/\/web4.bilkent.edu.tr\/tuncellab\/wp-content\/uploads\/2021\/04\/Donus-Tuncel-CV-1.pdf\" class=\"wp-block-file__button wp-element-button\" download aria-describedby=\"wp-block-file--media-6fac427d-f0d6-498a-bd09-7c8a01def045\">Download<\/a><\/div>\n\n\n\n<figure class=\"wp-block-image size-large is-resized\"><img decoding=\"async\" loading=\"lazy\" src=\"https:\/\/web4.bilkent.edu.tr\/tuncellab\/wp-content\/uploads\/2021\/04\/DONUS.jpg\" alt=\"\" class=\"wp-image-264\" width=\"367\" height=\"315\" srcset=\"https:\/\/web4.bilkent.edu.tr\/tuncellab\/wp-content\/uploads\/2021\/04\/DONUS.jpg 336w, https:\/\/web4.bilkent.edu.tr\/tuncellab\/wp-content\/uploads\/2021\/04\/DONUS-300x257.jpg 300w\" sizes=\"(max-width: 367px) 100vw, 367px\" \/><\/figure>\n\n\n\n<p class=\"has-vivid-red-color has-text-color has-medium-font-size\"><strong>AISAN KHALIGH (POSTDOC)<\/strong><\/p>\n\n\n\n<div class=\"wp-block-file\"><a id=\"wp-block-file--media-fb0503ae-273c-43ba-8193-681e2a203b23\" href=\"https:\/\/web4.bilkent.edu.tr\/tuncellab\/wp-content\/uploads\/2021\/04\/Aisan-Khaligh_CV.pdf\">Aisan-Khaligh_CV<\/a><a href=\"https:\/\/web4.bilkent.edu.tr\/tuncellab\/wp-content\/uploads\/2021\/04\/Aisan-Khaligh_CV.pdf\" class=\"wp-block-file__button wp-element-button\" download aria-describedby=\"wp-block-file--media-fb0503ae-273c-43ba-8193-681e2a203b23\">Download<\/a><\/div>\n\n\n\n<figure class=\"wp-block-image size-large is-resized\"><a href=\"https:\/\/web4.bilkent.edu.tr\/tuncellab\/wp-content\/uploads\/2021\/04\/Aysan-1.jpg\"><img decoding=\"async\" loading=\"lazy\" src=\"https:\/\/web4.bilkent.edu.tr\/tuncellab\/wp-content\/uploads\/2021\/04\/Aysan-1.jpg\" alt=\"\" class=\"wp-image-308\" width=\"296\" height=\"330\"\/><\/a><\/figure>\n\n\n\n<p class=\"has-vivid-red-color has-text-color has-medium-font-size\">ZELAL YAVUZ (PhD)<\/p>\n\n\n\n<figure class=\"wp-block-image size-large is-resized\"><img decoding=\"async\" loading=\"lazy\" src=\"https:\/\/web4.bilkent.edu.tr\/tuncellab\/wp-content\/uploads\/2021\/04\/Zelal-2.jpg\" alt=\"\" class=\"wp-image-309\" width=\"296\" height=\"380\"\/><\/figure>\n\n\n\n<p class=\"has-vivid-red-color has-text-color has-medium-font-size\">DUYGU DEN\u0130Z AKOLPO\u011eLU BA\u015eARAN (PhD)<\/p>\n\n\n\n<figure class=\"wp-block-image size-large is-resized\"><img decoding=\"async\" loading=\"lazy\" src=\"https:\/\/web4.bilkent.edu.tr\/tuncellab\/wp-content\/uploads\/2021\/04\/DUYGU-1.jpg\" alt=\"\" class=\"wp-image-268\" width=\"296\" height=\"330\"\/><\/figure>\n\n\n\n<p class=\"has-vivid-red-color has-text-color has-medium-font-size\">YASAMAN SHEIDAEI&nbsp; (PhD)<\/p>\n\n\n\n<figure class=\"wp-block-image size-large is-resized\"><img decoding=\"async\" loading=\"lazy\" src=\"https:\/\/web4.bilkent.edu.tr\/tuncellab\/wp-content\/uploads\/2021\/04\/Yasaman-2.jpg\" alt=\"\" class=\"wp-image-310\" width=\"296\" height=\"328\" srcset=\"https:\/\/web4.bilkent.edu.tr\/tuncellab\/wp-content\/uploads\/2021\/04\/Yasaman-2.jpg 591w, https:\/\/web4.bilkent.edu.tr\/tuncellab\/wp-content\/uploads\/2021\/04\/Yasaman-2-271x300.jpg 271w\" sizes=\"(max-width: 296px) 100vw, 296px\" \/><\/figure>\n\n\n\n<p class=\"has-vivid-red-color has-text-color has-medium-font-size\">NUR ARTIKAH MUHAMMAD SHAHRIN   (PhD)<\/p>\n\n\n\n<figure class=\"wp-block-image size-large is-resized\"><img decoding=\"async\" loading=\"lazy\" src=\"https:\/\/web4.bilkent.edu.tr\/tuncellab\/wp-content\/uploads\/2021\/04\/Nur-5.jpg\" alt=\"\" class=\"wp-image-318\" width=\"296\" height=\"300\"\/><\/figure>\n\n\n\n<p class=\"has-vivid-red-color has-text-color has-medium-font-size\">ISHMAEL KWAKU DUAH (MSc)<\/p>\n\n\n\n<figure class=\"wp-block-image size-large is-resized\"><img decoding=\"async\" loading=\"lazy\" src=\"https:\/\/web4.bilkent.edu.tr\/tuncellab\/wp-content\/uploads\/2021\/04\/ISMAEL-4.jpg\" alt=\"\" class=\"wp-image-281\" width=\"296\" height=\"330\"\/><\/figure>\n\n\n\n<p class=\"has-vivid-red-color has-text-color has-medium-font-size\">EL\u0130F BEG\u00dcM YILMAZ (MSc)<\/p>\n\n\n\n<figure class=\"wp-block-image size-large is-resized\"><img decoding=\"async\" loading=\"lazy\" src=\"https:\/\/web4.bilkent.edu.tr\/tuncellab\/wp-content\/uploads\/2021\/04\/Begum-2.jpg\" alt=\"\" class=\"wp-image-315\" width=\"296\" height=\"330\"\/><\/figure>\n\n\n\n<p class=\"has-vivid-red-color has-text-color has-medium-font-size\">TUTKU \u00d6ZMEN (MSc)<\/p>\n\n\n\n<figure class=\"wp-block-image size-large is-resized\"><img decoding=\"async\" loading=\"lazy\" src=\"https:\/\/web4.bilkent.edu.tr\/tuncellab\/wp-content\/uploads\/2021\/04\/tutku_1.jpg\" alt=\"\" class=\"wp-image-313\" width=\"296\" height=\"329\" srcset=\"https:\/\/web4.bilkent.edu.tr\/tuncellab\/wp-content\/uploads\/2021\/04\/tutku_1.jpg 591w, https:\/\/web4.bilkent.edu.tr\/tuncellab\/wp-content\/uploads\/2021\/04\/tutku_1-270x300.jpg 270w\" sizes=\"(max-width: 296px) 100vw, 296px\" \/><\/figure>\n\n\n\n<p class=\"has-vivid-red-color has-text-color has-medium-font-size\">EZG\u0130 ODUNCU (MSc)<\/p>\n\n\n\n<figure class=\"wp-block-image size-large is-resized\"><img decoding=\"async\" loading=\"lazy\" src=\"https:\/\/web4.bilkent.edu.tr\/tuncellab\/wp-content\/uploads\/2021\/04\/EZGI-1.jpg\" alt=\"\" class=\"wp-image-276\" width=\"304\" height=\"339\"\/><\/figure>\n\n\n\n<p class=\"has-vivid-red-color has-text-color has-medium-font-size\">ARMA MUSA YAU (MSc)<\/p>\n\n\n\n<figure class=\"wp-block-image size-large is-resized\"><img decoding=\"async\" loading=\"lazy\" src=\"https:\/\/web4.bilkent.edu.tr\/tuncellab\/wp-content\/uploads\/2021\/04\/Arma-2.jpg\" alt=\"\" class=\"wp-image-314\" width=\"296\" height=\"330\"\/><\/figure>\n\n\n\n<p class=\"has-vivid-red-color has-text-color has-medium-font-size\">\u0130LKAY \u00c7EL\u0130KKAN (UNDERGRAD, SENIOR STUDENT)<\/p>\n\n\n\n<figure class=\"wp-block-gallery has-nested-images columns-default is-cropped wp-block-gallery-1 is-layout-flex\"><\/figure>\n","protected":false},"excerpt":{"rendered":"<p>D\u00d6N\u00dc\u015e TUNCEL (PRINCIPAL INVESTIGATOR) AISAN KHALIGH (POSTDOC) ZELAL YAVUZ (PhD) DUYGU DEN\u0130Z AKOLPO\u011eLU BA\u015eARAN (PhD) YASAMAN SHEIDAEI&nbsp; (PhD) NUR ARTIKAH MUHAMMAD SHAHRIN (PhD) ISHMAEL KWAKU DUAH (MSc) EL\u0130F BEG\u00dcM YILMAZ (MSc) TUTKU \u00d6ZMEN (MSc) EZG\u0130 ODUNCU (MSc) ARMA MUSA YAU<\/p>\n","protected":false},"author":1,"featured_media":0,"parent":0,"menu_order":0,"comment_status":"closed","ping_status":"closed","template":"","meta":[],"_links":{"self":[{"href":"https:\/\/web4.bilkent.edu.tr\/tuncellab\/index.php?rest_route=\/wp\/v2\/pages\/67"}],"collection":[{"href":"https:\/\/web4.bilkent.edu.tr\/tuncellab\/index.php?rest_route=\/wp\/v2\/pages"}],"about":[{"href":"https:\/\/web4.bilkent.edu.tr\/tuncellab\/index.php?rest_route=\/wp\/v2\/types\/page"}],"author":[{"embeddable":true,"href":"https:\/\/web4.bilkent.edu.tr\/tuncellab\/index.php?rest_route=\/wp\/v2\/users\/1"}],"replies":[{"embeddable":true,"href":"https:\/\/web4.bilkent.edu.tr\/tuncellab\/index.php?rest_route=%2Fwp%2Fv2%2Fcomments&post=67"}],"version-history":[{"count":32,"href":"https:\/\/web4.bilkent.edu.tr\/tuncellab\/index.php?rest_route=\/wp\/v2\/pages\/67\/revisions"}],"predecessor-version":[{"id":374,"href":"https:\/\/web4.bilkent.edu.tr\/tuncellab\/index.php?rest_route=\/wp\/v2\/pages\/67\/revisions\/374"}],"wp:attachment":[{"href":"https:\/\/web4.bilkent.edu.tr\/tuncellab\/index.php?rest_route=%2Fwp%2Fv2%2Fmedia&parent=67"}],"curies":[{"name":"wp","href":"https:\/\/api.w.org\/{rel}","templated":true}]}}