{"id":70,"date":"2021-04-02T08:06:56","date_gmt":"2021-04-02T08:06:56","guid":{"rendered":"https:\/\/web4.bilkent.edu.tr\/tuncellab\/?page_id=70"},"modified":"2021-04-06T19:58:32","modified_gmt":"2021-04-06T19:58:32","slug":"publications","status":"publish","type":"page","link":"https:\/\/web4.bilkent.edu.tr\/tuncellab\/?page_id=70","title":{"rendered":"Publications"},"content":{"rendered":"\n<p style=\"font-size:30px\"><strong><u>Articles in refereed journals&nbsp;&nbsp;(SCI journals)<\/u><\/strong><\/p>\n\n\n\n<p><strong>49)&nbsp;<\/strong>A. Khaligh, Y. Sheidaei,&nbsp;<strong>D. Tuncel<\/strong>, Covalent Organic Framework Constructed by Clicking Azido Porphyrin with Perpropargyloxy-Cucurbit[6]uril for Electrocatalytic Hydrogen Generation from Water Splitting,&nbsp;<em>ACS Applied Energy Materials<\/em>,&nbsp;<strong>2021,&nbsp;<\/strong>https:\/\/doi.org\/10.1021\/acsaem.0c03265.<\/p>\n\n\n\n<p><strong>48)&nbsp;<\/strong>A. Khaligh, R. Khan, D. D. Akolpolu Ba\u015faran, M. \u00d6zkan,&nbsp;<strong>D. Tuncel<\/strong>, Photoactive Catalytically Self-Threaded 2D-Polyrotaxane Network for Visible Light Activated Antimicrobial Phototherapy,&nbsp;<em>ACS Applied Polymer Materials<\/em>,&nbsp;<strong>2020<\/strong>, 2, 5726\u22125734.<\/p>\n\n\n\n<p><strong>47)&nbsp;<\/strong>M. \u00d6zkan, S. E. Hadi, \u0130. Tun\u00e7, Y. Midilli, B. Orta\u00e7,&nbsp;<strong>D. Tuncel<\/strong>, \u201cCucurbit[7]uril-Capped Hybrid Conjugated Oligomer-Gold Nanoparticles for Combined Photodynamic-Photothermal Therapy and Cellular Imaging,<em>&nbsp;ACS Applied Polymer Materials<\/em>,&nbsp;<strong>2020<\/strong>, 2, 3840-3849&nbsp;<em><u>(Featured as a front cover).<\/u><\/em><\/p>\n\n\n\n<p><strong>46)&nbsp;<\/strong>J. T.-W. Wang, U. Martino, R. Khan, M. Bazzar, P. Southern,&nbsp;<strong>D. Tuncel<\/strong>, K. T. Al-Jamal, \u201cEngineering red-emitting multi-functional nanocapsules for magnetic tumour targeting and imaging,&nbsp;<em>Biomaterials Science<\/em>,&nbsp;<strong>2020<\/strong>, 8, 2590-2599.<strong><\/strong><\/p>\n\n\n\n<p><strong>45)&nbsp;<\/strong>M. Serhatlioglu, Z. Isiksacan, M. \u00d6zkan,&nbsp;<strong>D. Tuncel<\/strong>, C. Elbuken, \u201cElectro-Viscoelastic Migration under Simultaneously Applied Microfluidic Pressure-Driven Flow and Electric Field,&nbsp;<em>Analytical Chemistry<\/em>,&nbsp;<strong>2020<\/strong>, 92, 6932-6940.<\/p>\n\n\n\n<p><strong>44)&nbsp;<\/strong>M. \u00d6zkan, Y. Kumar, Y. Keser, S. E. Hadi,&nbsp;<strong>D. Tuncel<\/strong>, Cucurbit[7]uril-Anchored Porphyrin-Based Multi-Functional Molecular Platform for Photodynamic Antimicrobial and Cancer Therapy,&nbsp;<em>ACS Applied Bio Materials<\/em>,&nbsp;&nbsp;<strong>2019<\/strong>, 2, 4693\u22124697.<\/p>\n\n\n\n<p><strong>43)&nbsp;<\/strong>M. \u00d6zkan, Y. Keser, A. Koc,&nbsp;<strong>D. Tuncel,&nbsp;<\/strong>Glycosylated porphyrin-cucurbituril conjugate for photodynamic inactivation of bacteria and doxorubicin carriage for anticancer drug delivery,&nbsp;<em>Journal of Porphyrins and Phthalocyanines,&nbsp;<\/em><strong>2019<\/strong><em>;&nbsp;<\/em>23: 1406\u20131413.&nbsp;<em><u>(Invited article, Special Issue: Women in Porphyrin Science)<\/u><\/em><\/p>\n\n\n\n<p><strong>42)&nbsp;<\/strong>M. \u00d6zkan, Y. Keser, S. E. Hadi,&nbsp;<strong>D. Tuncel<\/strong>,<strong>&nbsp;<\/strong>A [5]Rotaxane-Based Photosensitizer for Photodynamic Therapy,&nbsp;<em>Eur. J. Org. Chem.<\/em>&nbsp;<strong>2019<\/strong>, 3534\u20133541&nbsp;<em><u>(Invited by Prof. Sauvage to contribute the&nbsp;<a href=\"https:\/\/onlinelibrary.wiley.com\/toc\/10990690\/2019\/2019\/21\">Special Issue:50 Years of Rotaxanes)<\/a><\/u><\/em><\/p>\n\n\n\n<p><strong>41)&nbsp;<\/strong>Y. Kumar, B. Patil, A. Khaligh, S. E. Hadi, T. Uyar,&nbsp;<strong>D. Tuncel<\/strong>, Novel Supramolecular Photocatalyst Based on Conjugation of Cucurbit[7]uril to Non-Metallated Porphyrin for Electrophotocatalytic Hydrogen Generation from Water<\/p>\n\n\n\n<p>Splitting,&nbsp;<em>Chem.Cat.Chem<\/em>,&nbsp;<strong>2019<\/strong>, 11, 2994\u20132999.&nbsp;<em><u>(Featured as a front cover and cover profile)<\/u><\/em><strong><em><u><\/u><\/em><\/strong><\/p>\n\n\n\n<p><strong>40)&nbsp;<\/strong>R. Khan, M. Ozkan, A. Khaligh,&nbsp;<strong>D. Tuncel<\/strong>, Water-dispersible glycosylated poly(2,5&#8242;-thienylene)porphyrin-based nanoparticles for antibacterial photodynamic therapy,&nbsp;<em>Photochem. Photobiol. Sci.,&nbsp;<\/em><strong>2019<\/strong><em>,&nbsp;<\/em>18, 1147\u20131155.&nbsp;<\/p>\n\n\n\n<p><strong>39) D. Tuncel,&nbsp;<\/strong>\u03c0-Conjugated nanostructured materials: preparation, properties and photonic applications,&nbsp;<em>Nanoscale Adv.<\/em>,&nbsp;<strong>2019<\/strong>,1, 19-33.<\/p>\n\n\n\n<p><strong>38)&nbsp;<\/strong>A. Koc, R. Khan,<strong>&nbsp;D. Tuncel<\/strong>, &#8220;Clicked&#8221; Porphyrin-Cucurbituril Conjugate: A Novel Multifunctional Supramolecular &nbsp;&nbsp;&nbsp;Assembly Based on tri-Glycosylated Porphyrin and Monopropargyloxycucurbit[7]uril, Chem. Eur. J.,&nbsp;<strong>2018<\/strong>, 24, 15550-15555.&nbsp;<em><u>(Featured as a cover)<\/u><\/em><\/p>\n\n\n\n<p><strong>37)&nbsp;&nbsp;<\/strong>A. Koc,<strong>&nbsp;D. Tuncel,&nbsp;<\/strong>Supramolecular Assemblies of Cucurbiturils with Photoactive, p-conjugated Chromophores,&nbsp;<em>Isr. J. Chem.<\/em>&nbsp;<strong>2018<\/strong>, 58, 334\u2013342.&nbsp;(<em>Invited review<\/em>).<\/p>\n\n\n\n<p><strong>36)&nbsp;<\/strong>T. Balkan, S. Kizir,&nbsp;<strong>D. Tuncel<\/strong>, One Pot Synthesis of Hybrid Conjugated Oligomer-Ag Nanoparticles, ACS Omega,&nbsp;<strong>2017<\/strong>, 5470\u22125477.<\/p>\n\n\n\n<p><strong>35)&nbsp;<\/strong>T. Erdem, M. Idris, H. V. Demir,&nbsp;<strong>D. Tuncel<\/strong>, Highly Luminescent CB[7]-based Conjugated Polyrotaxanes Embedded into Crystalline Matrices, Macromolecular Materials and Engineering,&nbsp;<strong>2017<\/strong>,&nbsp;<em>302<\/em>, 1700290&nbsp;(<em>Featured as a cover<\/em>).<\/p>\n\n\n\n<p><strong>34)&nbsp;<\/strong>M. Idris, M. Bazzar, B. Guzelturk, H. V. Demir and&nbsp;<strong>D. Tuncel<\/strong>, Cucurbit[7]uril-threaded fluorene\u2013thiophenebased conjugated polyrotaxanes, RSC Adv.,&nbsp;<strong>2016<\/strong>, 6, 98109-98116.<\/p>\n\n\n\n<p><strong>33)<\/strong>&nbsp;Z. Soran-Erdem, T. Erdem, K. Gungor, J. Pennakalathil,&nbsp;<strong>D. Tuncel<\/strong>, H. V. Demir, High-Stability, High-Efficiency Organic Monoliths Made of Oligomer Nanoparticles Wrapped in Organic Matrix,&nbsp;<em>ACS Nano<\/em>,&nbsp;<strong>2016<\/strong>, 10 (5), 5333\u20135339.<\/p>\n\n\n\n<p><strong>32)<\/strong>&nbsp;H. Keita, B. Guzelturk, J. Pennakalathil, T. Erdem, H. V. Demir,&nbsp;<strong>D. Tuncel<\/strong>, Construction of multi-layered white emitting organic nanoparticles by clicking polymers,&nbsp;<em>Journal of Materials Chemistry<\/em>,&nbsp;<strong>2015<\/strong>, 3, 10277-10284.<\/p>\n\n\n\n<p><strong>31)<\/strong>&nbsp;R. Khan, M. Idris,&nbsp;<strong>D. Tuncel<\/strong>, Synthesis and investigation of singlet oxygen production efficiency of photosensitizers based on meso-phenyl-2,5-thienylene linked porphyrin oligomer and polymers,<strong>&nbsp;<\/strong><em>Organic and Biomolecular Chemistry<\/em>,&nbsp;<strong>2015<\/strong>, 13, 330-347.<\/p>\n\n\n\n<p><strong>30)&nbsp;<\/strong>E. Akhan,&nbsp;<strong>D. Tuncel<\/strong>, C. Akcali,<strong>&nbsp;<\/strong>Nanoparticle labeling of bone marrow-derived rat<\/p>\n\n\n\n<p>Mesenchymal stem cells: their use in differentiation and tracking,&nbsp;<em>BioMed Research International<\/em>,&nbsp;<strong>2015,&nbsp;<\/strong>Article ID 298430, 9 pages.<\/p>\n\n\n\n<p><strong>29)&nbsp;<\/strong>J. Pennakalathil, A. \u00d6zg\u00fcn, I. Durmaz, R. Cetin-Atalay,&nbsp;<strong>D. Tuncel<\/strong>, pH-Responsive Near-Infrared Emitting Conjugated Polymer Nanoparticles for Cellular Imaging and Controlled-Drug Delivery,&nbsp;<em>J. Polym. Sci. A Polym. Chem.<\/em>,&nbsp;<strong>2015<\/strong>, 53, 114-122.<\/p>\n\n\n\n<p><strong>28)&nbsp;<\/strong>S. G\u00fcrb\u00fcz, M. Idris,&nbsp;<strong>D. Tuncel<\/strong>, Cucurbituril-based supramolecularly engineered nanostructured materials,<strong>&nbsp;<\/strong><em>Organic and Biomolecular Chemistry<\/em>,&nbsp;<strong>2015<\/strong>, 13, 330-347.<\/p>\n\n\n\n<p><strong>27)<\/strong>&nbsp;J. Pennakalathil, E. Jahja, E. S. Ozdemir, O. Konu,&nbsp;&nbsp;<strong>D. Tuncel<\/strong>, Red Emitting, Cucurbituril-Capped, pH-Responsive Conjugated Oligomer-Based Nanoparticles for Drug Delivery and Cellular Imaging,&nbsp;<em>Biomacromolecules<\/em>,&nbsp;<strong>2014<\/strong>, 15, 3366-3374.<\/p>\n\n\n\n<p><strong>26)<\/strong>&nbsp;B. Guzelturk, P. L. Hernandez-Martinez,&nbsp;&nbsp;V. K. Sharma, Y. Coskun, V. Ibrahimova,&nbsp;<strong>D. Tuncel<\/strong>, A. O. Govorov, X. W. Sun, Q. Xiong, H. V. Demir,&nbsp;&nbsp;Study of exciton transfer in dense quantum dot nanocomposites,&nbsp;<em>Nanoscale<\/em>,&nbsp;<strong>2014<\/strong>, 2014, 6, 11387-11394.<\/p>\n\n\n\n<p><strong>25)<\/strong>&nbsp;O. Gezici, I. Durmaz, E. B. Guven, O. Unal, A. Ozgun, R. Cetin-Atalay,&nbsp;<strong>D. Tuncel<\/strong>, Dual functionality of conjugated polymer nanoparticles as an anticancer drug carrier and a fluorescent probe for cell imaging,&nbsp;<em>RSC Advances<\/em>,&nbsp;<strong>2014<\/strong>, 4, 1302-1309.<\/p>\n\n\n\n<p><strong>24)<\/strong>&nbsp;T. Erdem, I. Ibrahimova, D. W. Jeon, I. H. Lee,&nbsp;<strong>D. Tuncel<\/strong>, H. V. Demir, Morphology-Dependent Energy Transfer of Polyfluorene Nanoparticles Decorating InGaN\/GaN Quantum-Well Nanopillars,&nbsp;<em>J. of Phys. Chem. C<\/em>,&nbsp;<strong>2013<\/strong>, 117, 18613-18619.<\/p>\n\n\n\n<p><strong>23)<\/strong>&nbsp;V. Ibrahimova, M.E. Kocak, A.M. Onal,&nbsp;<strong>D. Tuncel<\/strong>, Optical and electronic properties of fluorene-based copolymers and their sensory applications,&nbsp;<em>J. Polym. Sci. A Polym. Chem.<\/em>,&nbsp;<strong>2013<\/strong>, 51, 815-823.<\/p>\n\n\n\n<p><strong>22)<\/strong>&nbsp;V. \u0130brahimova, S. Ekiz, O. Gezici,&nbsp;<strong>D. Tuncel<\/strong>, Facile synthesis of cross-linked patchy fluorescent conjugated polymer nanoparticles by click reaction,&nbsp;<em>Polym. Chem.<\/em>,&nbsp;<strong>2011<\/strong>,&nbsp;2818-2824.<\/p>\n\n\n\n<p><strong>21)<\/strong>&nbsp;<strong>D. Tuncel<\/strong>, Non-covalent interactions betwen the conjugated polymers and carbon nanotubes,&nbsp;<em>Nanoscale<\/em>, Feature Article,&nbsp;<strong>2011<\/strong>,&nbsp;3, 3545-3554.<\/p>\n\n\n\n<p><strong>20)<\/strong>&nbsp;<strong>D.Tuncel<\/strong>, O.Unal, M.Artar,&nbsp;Supramolecular Assemblies Constructed by Cucurbituril-Catalyzed Click Reaction,&nbsp;<em>Israil J. of Chem.<\/em>, 2011, 51, 525-532.<\/p>\n\n\n\n<p><strong>19)<\/strong>&nbsp;E.J.Park, T.Erdem, V.Ibrahimova, S. Nizamoglu, H.V.Demir,&nbsp;<strong>D.Tuncel<\/strong>,&nbsp;White-Emitting Conjugated Polymer Nanoparticles with Cross-Linked Shell for Mechanical Stability and Controllable Photometric Properties in Color-Conversion LED Applications,&nbsp;<em>ACS Nano<\/em>,&nbsp;<strong>2011<\/strong>, 5, 2483\u20132492.<\/p>\n\n\n\n<p><strong>18)<\/strong>&nbsp;B. Baykal, V. Ibrahimova, G. Er, E. Beng\u00fc and&nbsp;<strong>D. Tuncel<\/strong>,&nbsp;Dispersion of multi-walled carbon nanotubes in an aqueous medium by water dispersible- conjugated polymer nanoparticles,&nbsp;<em>Chem. Comm.<\/em>,&nbsp;<strong>2010<\/strong>, 46, 6762-6764.<\/p>\n\n\n\n<p><strong>17)<\/strong>&nbsp;<strong>D. Tuncel<\/strong>, M. Artar, S.B. Hanay, The effect of cucurbit[n]uril on the solubility, morphology and the photophysical properties of nonionic conjugated polymers in an aqueous medium,&nbsp;<em>J. Polym. Sci. A Polym. Chem.<\/em>,&nbsp;<strong>2010<\/strong>, 48, 4894-4899 (featured as a cover).<\/p>\n\n\n\n<p><strong>16)<\/strong>&nbsp;<strong>D. Tuncel,&nbsp;<\/strong>H.V. Demir,<strong>&nbsp;<\/strong>Conjugated<strong>&nbsp;<\/strong>polymer nanoparticles,&nbsp;<em>Nanoscale<\/em>,<strong>&nbsp;2010,&nbsp;<\/strong>2, 484-494&nbsp;<em><u>(Invited feature article: selected as May, June, July, Top Ten articles)<\/u><\/em>.<\/p>\n\n\n\n<p><strong>15)<\/strong>&nbsp;I. O. Ozel, T. Ozel,&nbsp;&nbsp;H. V. Demir,<strong>&nbsp;D. Tuncel<\/strong>&nbsp;&nbsp;Non-radiative resonance energy transfer in bipolymer nanoparticles of fluorescent conjugated polymers,&nbsp;<em>Optics Express,<\/em>&nbsp;<strong>2010<\/strong>, 18, 670-684.<\/p>\n\n\n\n<p><strong>14)<\/strong>&nbsp;G. Celtek, M. Artar, O. A. Scherman,&nbsp;<strong>D. Tuncel<\/strong>,&nbsp;Sequence-Specific Self-Sorting of the Binding Sites of a Ditopic Guest by Cucurbituril Homologues and Subsequent Formation of a Hetero[4]pseudorotaxane,&nbsp;<em>Chem. Eur. J.<\/em>,&nbsp;<strong>2009<\/strong>, 15, 10360-10363.<\/p>\n\n\n\n<p><strong>13)<\/strong>&nbsp;I. O. Huyal, T. Ozel,&nbsp;<strong>D. Tuncel<\/strong>, H. V. Demir,&nbsp;Quantum efficiency enhancement in film by making nanoparticles of polyfluorene,&nbsp;<em>Optics Express,<\/em>&nbsp;<strong>2008<\/strong>, 16, 13391-13397.<\/p>\n\n\n\n<p><strong>12)<\/strong>&nbsp;I. O. Huyal, U. Koldemir, T. Ozel, H. V. Demir,&nbsp;<strong>D. Tuncel<\/strong>, On the origin of high quality white light emission from hybrid inorganic\/organic light emitting materials,&nbsp;<em>J. Mater. Chem.<\/em>,&nbsp;<strong>2008<\/strong>, 18, 3568-3574.<\/p>\n\n\n\n<p><strong>11)<\/strong>&nbsp;<strong>D. Tuncel<\/strong>, M. Katterle, pH-Triggered threading\/dethreading and switching of cucurbit[6]uril on bistable [3]pseudorotaxanes and [3]rotaxanes,&nbsp;<em>Chem. Eur. J.<\/em>,<strong>&nbsp;2008<\/strong>, 14, 4110-4116.<\/p>\n\n\n\n<p><strong>10)<\/strong>&nbsp;I. O. Huyal, T. Ozel, U. Koldemir, S. Nizamoglu,&nbsp;<strong>D. Tuncel<\/strong>, H. V. Demir,&nbsp;<span class=\"has-inline-color has-black-color\"><a>White emitting polyfluorene functionalized with azide hybridized on near-UV light emitting diode for high color rendering index<\/a>,<\/span>&nbsp;&nbsp;<em>Optics Express,&nbsp;<\/em><strong>2008<\/strong><em>,&nbsp;<\/em>16, 1115-1124<em>.<\/em>&nbsp;&nbsp;<\/p>\n\n\n\n<p><strong>9)<\/strong>&nbsp;<strong>D. Tuncel<\/strong>, \u00d6. \u00d6zsar, H.B. Tiftik, B. Salih,&nbsp;<a>Molecular switch based on a cucurbit[6]uril containing bistable [3]rotaxane<\/a>,&nbsp;&nbsp;<em>Chem. Commun.<\/em>,&nbsp;<strong>2007<\/strong>, 1369-1371.<\/p>\n\n\n\n<p><strong>8)<\/strong>&nbsp;<strong>D. Tuncel<\/strong>, N. Cindir, \u00dc. Koldemir,&nbsp;<a>[5]rotaxane and [5]pseudorotaxane based on cucurbit[6]uril and anchored to a meso-tetraphenyl porphyrin<\/a>,&nbsp;&nbsp;<em>J. Inclusion Phenom. Macrocyclic Chem.,&nbsp;<\/em><strong>2006<\/strong>,&nbsp;<em>55<\/em>, 373-380.<\/p>\n\n\n\n<p><strong>7)<\/strong>&nbsp;<strong>D. Tuncel<\/strong>, H.B. Tiftik, B. Salih,&nbsp;<a>pH-Responsive polypseudorotaxane synthesized through cucurbit[6]uril catalyzed 1,3-dipolar cycloaddition<\/a>,&nbsp;&nbsp;<em>J. Mater. Chem.<\/em>,&nbsp;<strong>2006<\/strong>,&nbsp;<em>16<\/em>, 3291-3296.<\/p>\n\n\n\n<p><strong>6)<\/strong><strong>&nbsp;D.Tuncel<\/strong>, J. R. Mathews, H. L. Anderson,&nbsp;<a>Synthesis of nanowalled polymer microtubes using glass fiber templates<\/a>,&nbsp;Adv. Func. Mater.&nbsp;<strong>2004<\/strong>, 14, 851-855.<\/p>\n\n\n\n<p><strong>5)<\/strong><strong>&nbsp;D. Tuncel<\/strong>, J. H. G. Steinke,&nbsp;<a>Catalytic self-threading: A new route for the synthesis of polyrotaxanes<\/a>,&nbsp;<em>Macromolecules<\/em>,<strong>2004<\/strong>,&nbsp;<em>37<\/em>, 288-302.<\/p>\n\n\n\n<p><strong>4)<\/strong>&nbsp;J. R. Matthews,&nbsp;<strong>D. Tuncel<\/strong>, R.M.J. Jakobs, C. D. Bain, H. L. Anderson,&nbsp;<span class=\"has-inline-color has-black-color\"><a>Surfaces designed for charge reversal<\/a>,<\/span>&nbsp;<em>J. Am. Chem. Soc.,<\/em>&nbsp;<strong>2003<\/strong>, 125, 6428-6433.<\/p>\n\n\n\n<p><strong>3)<\/strong>&nbsp;<strong>D. Tuncel<\/strong>, J. H. G. Steinke,&nbsp;<a>The synthesis of [2], [3] and [4]rotaxanes and semirotaxanes<\/a>,&nbsp;<em>Chem. Commun<\/em><em>.,<\/em>&nbsp;<strong>2002<\/strong>, 496-497.<\/p>\n\n\n\n<p><strong>2)<\/strong>&nbsp;<strong>D. Tuncel<\/strong>, J. H. G. Steinke,&nbsp;<a>Mainchain pseudopolyrotaxanes via post-threading with cucurbituril<\/a>,&nbsp;<em>Chem. Commun<\/em><em>.<\/em>,&nbsp;<strong>2001<\/strong>, 253-254.<\/p>\n\n\n\n<p><strong>1)<\/strong>&nbsp;<strong>D. Tuncel<\/strong>, J. H. G. Steinke,&nbsp;<a>Catalytically self-threading polyrotaxanes<\/a>,<br><em>Chem.&nbsp;Commun<\/em>.,&nbsp;<strong>1999<\/strong>, 1509-1510.<\/p>\n\n\n\n<p><\/p>\n\n\n\n<p style=\"font-size:30px\">Books edited:\u00a0<\/p>\n\n\n\n<p>D. Tuncel, Cucurbituril-based functional materials, 289 pp., Royal Society of Chemistry, (2019)<\/p>\n\n\n\n<figure class=\"wp-block-image\"><img decoding=\"async\" loading=\"lazy\" width=\"354\" height=\"525\" src=\"https:\/\/web4.bilkent.edu.tr\/tuncellab\/wp-content\/uploads\/2021\/04\/CB-book-cover-2.png\" alt=\"\" class=\"wp-image-302\" srcset=\"https:\/\/web4.bilkent.edu.tr\/tuncellab\/wp-content\/uploads\/2021\/04\/CB-book-cover-2.png 354w, https:\/\/web4.bilkent.edu.tr\/tuncellab\/wp-content\/uploads\/2021\/04\/CB-book-cover-2-202x300.png 202w\" sizes=\"(max-width: 354px) 100vw, 354px\" \/><\/figure>\n\n\n\n<p style=\"font-size:30px\"><strong><u>Chapters in books&nbsp;<\/u><\/strong><\/p>\n\n\n\n<ol type=\"1\"><li>Krasia, T. C<strong>.;&nbsp;<\/strong>Khodabakhsh, S.;&nbsp;<strong>Tuncel, D<\/strong>.; Steinke, J. H. G., \u201cCucurbituril: A Versatile \u201cBead\u201d for Polyrotaxane Synthesis\u201d,&nbsp;<em>in&nbsp;<strong>Macromolecular Nanostructured<\/strong>&nbsp;<strong>Materials,<\/strong><\/em>&nbsp;Ueyama, N.; Harada, A., Eds.; Springer-Verlag: Berlin \u2013 Heidelberg&nbsp;<strong>2004<\/strong>, Vol. 78, 41 \u2013 64, 3-540-22327-4.<\/li><li>D. Tuncel, &#8220;Introduction: Cucurbituril-containing Functional Materials in the Context of Smart Materials&#8221;, Cucurbituril-based functional materials, D. Tuncel (Eds.), Royal Society of Chemistry (2019)<\/li><li>A. Khaligh, D. Tuncel, &#8220;Cucurbituril-assisted Supramolecular Polymeric Hydrogels&#8221; in Cucurbituril-based functional materials&#8221;, Cucurbituril-based functional materials, D. Tuncel (Eds.), Royal Society of Chemistry (2019)<\/li><li>A. Koc, D. Tuncel, &#8220;Cucurbituril Homologues and Derivatives: Syntheses and Functionalization&#8221;, Cucurbituril-based functional materials, D. Tuncel (Eds.), Royal Society of Chemistry (2019)<\/li><li>R. Khan, D. Tuncel, &#8220;Cucurbituril Containing Supramolecular Nanomaterials&#8221;, Cucurbituril-based functional materials, D. Tuncel (Eds.), Royal Society of Chemistry (2019)<\/li><\/ol>\n\n\n\n<p><\/p>\n","protected":false},"excerpt":{"rendered":"<p>Articles in refereed journals&nbsp;&nbsp;(SCI journals) 49)&nbsp;A. Khaligh, Y. Sheidaei,&nbsp;D. Tuncel, Covalent Organic Framework Constructed by Clicking Azido Porphyrin with Perpropargyloxy-Cucurbit[6]uril for Electrocatalytic Hydrogen Generation from Water Splitting,&nbsp;ACS Applied Energy Materials,&nbsp;2021,&nbsp;https:\/\/doi.org\/10.1021\/acsaem.0c03265. 48)&nbsp;A. Khaligh, R. Khan, D. D. Akolpolu Ba\u015faran, M. \u00d6zkan,&nbsp;D.<\/p>\n","protected":false},"author":1,"featured_media":0,"parent":0,"menu_order":0,"comment_status":"closed","ping_status":"closed","template":"","meta":[],"_links":{"self":[{"href":"https:\/\/web4.bilkent.edu.tr\/tuncellab\/index.php?rest_route=\/wp\/v2\/pages\/70"}],"collection":[{"href":"https:\/\/web4.bilkent.edu.tr\/tuncellab\/index.php?rest_route=\/wp\/v2\/pages"}],"about":[{"href":"https:\/\/web4.bilkent.edu.tr\/tuncellab\/index.php?rest_route=\/wp\/v2\/types\/page"}],"author":[{"embeddable":true,"href":"https:\/\/web4.bilkent.edu.tr\/tuncellab\/index.php?rest_route=\/wp\/v2\/users\/1"}],"replies":[{"embeddable":true,"href":"https:\/\/web4.bilkent.edu.tr\/tuncellab\/index.php?rest_route=%2Fwp%2Fv2%2Fcomments&post=70"}],"version-history":[{"count":10,"href":"https:\/\/web4.bilkent.edu.tr\/tuncellab\/index.php?rest_route=\/wp\/v2\/pages\/70\/revisions"}],"predecessor-version":[{"id":305,"href":"https:\/\/web4.bilkent.edu.tr\/tuncellab\/index.php?rest_route=\/wp\/v2\/pages\/70\/revisions\/305"}],"wp:attachment":[{"href":"https:\/\/web4.bilkent.edu.tr\/tuncellab\/index.php?rest_route=%2Fwp%2Fv2%2Fmedia&parent=70"}],"curies":[{"name":"wp","href":"https:\/\/api.w.org\/{rel}","templated":true}]}}